{"id":33234,"date":"2024-01-29T19:59:04","date_gmt":"2024-01-29T18:59:04","guid":{"rendered":"https:\/\/www.lavillagardendesign.com\/product\/drop-sillon\/"},"modified":"2026-03-10T09:05:03","modified_gmt":"2026-03-10T08:05:03","slug":"drop-sillon","status":"publish","type":"product","link":"https:\/\/www.lavillagardendesign.com\/es\/producto\/drop-sillon\/","title":{"rendered":"DROP &#8211; Silla de comedor apilable de aluminio y cuerda t\u00e9cnica"},"content":{"rendered":"","protected":false},"excerpt":{"rendered":"<p>La silla de comedor Drop es una pieza esencial para los proyectos de exterior que buscan fusionar fuerza y sofisticaci\u00f3n. Su ligera estructura de aluminio, disponible en el exclusivo tono Topo y en los cl\u00e1sicos Blanco y Negro, se combina con un respaldo de cuerda sint\u00e9tica tejida a mano (Blancobeige o Gris) que a\u00f1ade una textura visual c\u00e1lida y contempor\u00e1nea. Dise\u00f1ada para un uso intensivo, incluye un coj\u00edn de asiento en tejido Olefin, que garantiza suavidad al tacto y resistencia a las manchas y a los rayos UV. Su funcionalidad apilable la convierte en la opci\u00f3n favorita para optimizar el espacio en terrazas residenciales de la Costa Brava y hoteles de lujo.   <\/p>\n","protected":false},"featured_media":33056,"comment_status":"open","ping_status":"closed","template":"","meta":[],"product_brand":[5001],"product_cat":[6833,3105,3107,5659],"product_tag":[],"class_list":{"0":"post-33234","1":"product","2":"type-product","3":"status-publish","4":"has-post-thumbnail","6":"product_brand-la-villa-garden","7":"product_cat-outdoor-es","8":"product_cat-sillas","9":"product_cat-sillas-de-comedor","10":"product_cat-promociones-web","12":"first","13":"instock","14":"sale","15":"taxable","16":"shipping-taxable","17":"purchasable","18":"product-type-variable","19":"has-default-attributes"},"yoast_head":"<!-- This site is optimized with the Yoast SEO plugin v27.1.1 - https:\/\/yoast.com\/product\/yoast-seo-wordpress\/ -->\n<title>Silla de Comedor Apilable de Cuerda y Aluminio DROP | La Villa Garden &amp; Design<\/title>\n<meta name=\"description\" content=\"Silla apilable Drop. Aluminio en color topo, blanco o negro con cuerda tejida. Coj\u00edn de olefina incluido. Dise\u00f1o moderno y duradero para tu jard\u00edn.\" \/>\n<meta name=\"robots\" content=\"index, follow, max-snippet:-1, max-image-preview:large, max-video-preview:-1\" \/>\n<link rel=\"canonical\" href=\"https:\/\/www.lavillagardendesign.com\/es\/producto\/drop-sillon\/\" \/>\n<meta property=\"og:locale\" content=\"es_ES\" \/>\n<meta property=\"og:type\" content=\"article\" \/>\n<meta property=\"og:title\" content=\"Silla de Comedor Apilable de Cuerda y Aluminio DROP | La Villa Garden &amp; Design\" \/>\n<meta property=\"og:description\" content=\"Silla apilable Drop. Aluminio en color topo, blanco o negro con cuerda tejida. Coj\u00edn de olefina incluido. Dise\u00f1o moderno y duradero para tu jard\u00edn.\" \/>\n<meta property=\"og:url\" content=\"https:\/\/www.lavillagardendesign.com\/es\/producto\/drop-sillon\/\" \/>\n<meta property=\"og:site_name\" content=\"La Villa Garden&amp;Design\" \/>\n<meta property=\"article:publisher\" content=\"https:\/\/www.facebook.com\/lavillagardendesign\/\" \/>\n<meta property=\"article:modified_time\" content=\"2026-03-10T08:05:03+00:00\" \/>\n<meta property=\"og:image\" content=\"https:\/\/www.lavillagardendesign.com\/wp-content\/uploads\/2024\/01\/154.png\" \/>\n\t<meta property=\"og:image:width\" content=\"700\" \/>\n\t<meta property=\"og:image:height\" content=\"800\" \/>\n\t<meta property=\"og:image:type\" content=\"image\/png\" \/>\n<meta name=\"twitter:card\" content=\"summary_large_image\" \/>\n<script type=\"application\/ld+json\" class=\"yoast-schema-graph\">{\"@context\":\"https:\/\/schema.org\",\"@graph\":[{\"@type\":\"WebPage\",\"@id\":\"https:\/\/www.lavillagardendesign.com\/es\/producto\/drop-sillon\/\",\"url\":\"https:\/\/www.lavillagardendesign.com\/es\/producto\/drop-sillon\/\",\"name\":\"Silla de Comedor Apilable de Cuerda y Aluminio DROP | La Villa Garden & Design\",\"isPartOf\":{\"@id\":\"https:\/\/www.lavillagardendesign.com\/#website\"},\"primaryImageOfPage\":{\"@id\":\"https:\/\/www.lavillagardendesign.com\/es\/producto\/drop-sillon\/#primaryimage\"},\"image\":{\"@id\":\"https:\/\/www.lavillagardendesign.com\/es\/producto\/drop-sillon\/#primaryimage\"},\"thumbnailUrl\":\"https:\/\/www.lavillagardendesign.com\/wp-content\/uploads\/2024\/01\/154.png\",\"datePublished\":\"2024-01-29T18:59:04+00:00\",\"dateModified\":\"2026-03-10T08:05:03+00:00\",\"description\":\"Silla apilable Drop. Aluminio en color topo, blanco o negro con cuerda tejida. Coj\u00edn de olefina incluido. Dise\u00f1o moderno y duradero para tu jard\u00edn.\",\"breadcrumb\":{\"@id\":\"https:\/\/www.lavillagardendesign.com\/es\/producto\/drop-sillon\/#breadcrumb\"},\"inLanguage\":\"es\",\"potentialAction\":[{\"@type\":\"ReadAction\",\"target\":[\"https:\/\/www.lavillagardendesign.com\/es\/producto\/drop-sillon\/\"]}]},{\"@type\":\"ImageObject\",\"inLanguage\":\"es\",\"@id\":\"https:\/\/www.lavillagardendesign.com\/es\/producto\/drop-sillon\/#primaryimage\",\"url\":\"https:\/\/www.lavillagardendesign.com\/wp-content\/uploads\/2024\/01\/154.png\",\"contentUrl\":\"https:\/\/www.lavillagardendesign.com\/wp-content\/uploads\/2024\/01\/154.png\",\"width\":700,\"height\":800},{\"@type\":\"BreadcrumbList\",\"@id\":\"https:\/\/www.lavillagardendesign.com\/es\/producto\/drop-sillon\/#breadcrumb\",\"itemListElement\":[{\"@type\":\"ListItem\",\"position\":1,\"name\":\"Home\",\"item\":\"https:\/\/www.lavillagardendesign.com\/\"},{\"@type\":\"ListItem\",\"position\":2,\"name\":\"Tienda\",\"item\":\"https:\/\/www.lavillagardendesign.com\/es\/tienda\/\"},{\"@type\":\"ListItem\",\"position\":3,\"name\":\"DROP &#8211; Silla de comedor apilable de aluminio y cuerda t\u00e9cnica\"}]},{\"@type\":\"WebSite\",\"@id\":\"https:\/\/www.lavillagardendesign.com\/#website\",\"url\":\"https:\/\/www.lavillagardendesign.com\/\",\"name\":\"La Villa Garden&Design\",\"description\":\"\",\"publisher\":{\"@id\":\"https:\/\/www.lavillagardendesign.com\/#organization\"},\"potentialAction\":[{\"@type\":\"SearchAction\",\"target\":{\"@type\":\"EntryPoint\",\"urlTemplate\":\"https:\/\/www.lavillagardendesign.com\/?s={search_term_string}\"},\"query-input\":{\"@type\":\"PropertyValueSpecification\",\"valueRequired\":true,\"valueName\":\"search_term_string\"}}],\"inLanguage\":\"es\"},{\"@type\":\"Organization\",\"@id\":\"https:\/\/www.lavillagardendesign.com\/#organization\",\"name\":\"La Villa Garden&Design\",\"url\":\"https:\/\/www.lavillagardendesign.com\/\",\"logo\":{\"@type\":\"ImageObject\",\"inLanguage\":\"es\",\"@id\":\"https:\/\/www.lavillagardendesign.com\/#\/schema\/logo\/image\/\",\"url\":\"https:\/\/www.lavillagardendesign.com\/wp-content\/uploads\/2024\/04\/logolavilla.png\",\"contentUrl\":\"https:\/\/www.lavillagardendesign.com\/wp-content\/uploads\/2024\/04\/logolavilla.png\",\"width\":682,\"height\":391,\"caption\":\"La Villa Garden&Design\"},\"image\":{\"@id\":\"https:\/\/www.lavillagardendesign.com\/#\/schema\/logo\/image\/\"},\"sameAs\":[\"https:\/\/www.facebook.com\/lavillagardendesign\/\"]}]}<\/script>\n<!-- \/ Yoast SEO plugin. -->","yoast_head_json":{"title":"Silla de Comedor Apilable de Cuerda y Aluminio DROP | La Villa Garden & Design","description":"Silla apilable Drop. Aluminio en color topo, blanco o negro con cuerda tejida. Coj\u00edn de olefina incluido. Dise\u00f1o moderno y duradero para tu jard\u00edn.","robots":{"index":"index","follow":"follow","max-snippet":"max-snippet:-1","max-image-preview":"max-image-preview:large","max-video-preview":"max-video-preview:-1"},"canonical":"https:\/\/www.lavillagardendesign.com\/es\/producto\/drop-sillon\/","og_locale":"es_ES","og_type":"article","og_title":"Silla de Comedor Apilable de Cuerda y Aluminio DROP | La Villa Garden & Design","og_description":"Silla apilable Drop. Aluminio en color topo, blanco o negro con cuerda tejida. Coj\u00edn de olefina incluido. Dise\u00f1o moderno y duradero para tu jard\u00edn.","og_url":"https:\/\/www.lavillagardendesign.com\/es\/producto\/drop-sillon\/","og_site_name":"La Villa Garden&amp;Design","article_publisher":"https:\/\/www.facebook.com\/lavillagardendesign\/","article_modified_time":"2026-03-10T08:05:03+00:00","og_image":[{"width":700,"height":800,"url":"https:\/\/www.lavillagardendesign.com\/wp-content\/uploads\/2024\/01\/154.png","type":"image\/png"}],"twitter_card":"summary_large_image","schema":{"@context":"https:\/\/schema.org","@graph":[{"@type":"WebPage","@id":"https:\/\/www.lavillagardendesign.com\/es\/producto\/drop-sillon\/","url":"https:\/\/www.lavillagardendesign.com\/es\/producto\/drop-sillon\/","name":"Silla de Comedor Apilable de Cuerda y Aluminio DROP | La Villa Garden & Design","isPartOf":{"@id":"https:\/\/www.lavillagardendesign.com\/#website"},"primaryImageOfPage":{"@id":"https:\/\/www.lavillagardendesign.com\/es\/producto\/drop-sillon\/#primaryimage"},"image":{"@id":"https:\/\/www.lavillagardendesign.com\/es\/producto\/drop-sillon\/#primaryimage"},"thumbnailUrl":"https:\/\/www.lavillagardendesign.com\/wp-content\/uploads\/2024\/01\/154.png","datePublished":"2024-01-29T18:59:04+00:00","dateModified":"2026-03-10T08:05:03+00:00","description":"Silla apilable Drop. Aluminio en color topo, blanco o negro con cuerda tejida. Coj\u00edn de olefina incluido. Dise\u00f1o moderno y duradero para tu jard\u00edn.","breadcrumb":{"@id":"https:\/\/www.lavillagardendesign.com\/es\/producto\/drop-sillon\/#breadcrumb"},"inLanguage":"es","potentialAction":[{"@type":"ReadAction","target":["https:\/\/www.lavillagardendesign.com\/es\/producto\/drop-sillon\/"]}]},{"@type":"ImageObject","inLanguage":"es","@id":"https:\/\/www.lavillagardendesign.com\/es\/producto\/drop-sillon\/#primaryimage","url":"https:\/\/www.lavillagardendesign.com\/wp-content\/uploads\/2024\/01\/154.png","contentUrl":"https:\/\/www.lavillagardendesign.com\/wp-content\/uploads\/2024\/01\/154.png","width":700,"height":800},{"@type":"BreadcrumbList","@id":"https:\/\/www.lavillagardendesign.com\/es\/producto\/drop-sillon\/#breadcrumb","itemListElement":[{"@type":"ListItem","position":1,"name":"Home","item":"https:\/\/www.lavillagardendesign.com\/"},{"@type":"ListItem","position":2,"name":"Tienda","item":"https:\/\/www.lavillagardendesign.com\/es\/tienda\/"},{"@type":"ListItem","position":3,"name":"DROP &#8211; Silla de comedor apilable de aluminio y cuerda t\u00e9cnica"}]},{"@type":"WebSite","@id":"https:\/\/www.lavillagardendesign.com\/#website","url":"https:\/\/www.lavillagardendesign.com\/","name":"La Villa Garden&Design","description":"","publisher":{"@id":"https:\/\/www.lavillagardendesign.com\/#organization"},"potentialAction":[{"@type":"SearchAction","target":{"@type":"EntryPoint","urlTemplate":"https:\/\/www.lavillagardendesign.com\/?s={search_term_string}"},"query-input":{"@type":"PropertyValueSpecification","valueRequired":true,"valueName":"search_term_string"}}],"inLanguage":"es"},{"@type":"Organization","@id":"https:\/\/www.lavillagardendesign.com\/#organization","name":"La Villa Garden&Design","url":"https:\/\/www.lavillagardendesign.com\/","logo":{"@type":"ImageObject","inLanguage":"es","@id":"https:\/\/www.lavillagardendesign.com\/#\/schema\/logo\/image\/","url":"https:\/\/www.lavillagardendesign.com\/wp-content\/uploads\/2024\/04\/logolavilla.png","contentUrl":"https:\/\/www.lavillagardendesign.com\/wp-content\/uploads\/2024\/04\/logolavilla.png","width":682,"height":391,"caption":"La Villa Garden&Design"},"image":{"@id":"https:\/\/www.lavillagardendesign.com\/#\/schema\/logo\/image\/"},"sameAs":["https:\/\/www.facebook.com\/lavillagardendesign\/"]}]}},"_links":{"self":[{"href":"https:\/\/www.lavillagardendesign.com\/es\/wp-json\/wp\/v2\/product\/33234","targetHints":{"allow":["GET"]}}],"collection":[{"href":"https:\/\/www.lavillagardendesign.com\/es\/wp-json\/wp\/v2\/product"}],"about":[{"href":"https:\/\/www.lavillagardendesign.com\/es\/wp-json\/wp\/v2\/types\/product"}],"replies":[{"embeddable":true,"href":"https:\/\/www.lavillagardendesign.com\/es\/wp-json\/wp\/v2\/comments?post=33234"}],"version-history":[{"count":3,"href":"https:\/\/www.lavillagardendesign.com\/es\/wp-json\/wp\/v2\/product\/33234\/revisions"}],"predecessor-version":[{"id":67302,"href":"https:\/\/www.lavillagardendesign.com\/es\/wp-json\/wp\/v2\/product\/33234\/revisions\/67302"}],"wp:featuredmedia":[{"embeddable":true,"href":"https:\/\/www.lavillagardendesign.com\/es\/wp-json\/wp\/v2\/media\/33056"}],"wp:attachment":[{"href":"https:\/\/www.lavillagardendesign.com\/es\/wp-json\/wp\/v2\/media?parent=33234"}],"wp:term":[{"taxonomy":"product_brand","embeddable":true,"href":"https:\/\/www.lavillagardendesign.com\/es\/wp-json\/wp\/v2\/product_brand?post=33234"},{"taxonomy":"product_cat","embeddable":true,"href":"https:\/\/www.lavillagardendesign.com\/es\/wp-json\/wp\/v2\/product_cat?post=33234"},{"taxonomy":"product_tag","embeddable":true,"href":"https:\/\/www.lavillagardendesign.com\/es\/wp-json\/wp\/v2\/product_tag?post=33234"}],"curies":[{"name":"wp","href":"https:\/\/api.w.org\/{rel}","templated":true}]}}