{"id":33200,"date":"2024-01-29T19:59:14","date_gmt":"2024-01-29T18:59:14","guid":{"rendered":"https:\/\/www.lavillagardendesign.com\/product\/fermo-mesa-extensible\/"},"modified":"2026-03-10T03:44:40","modified_gmt":"2026-03-10T02:44:40","slug":"fermo-mesa-extensible","status":"publish","type":"product","link":"https:\/\/www.lavillagardendesign.com\/es\/producto\/fermo-mesa-extensible\/","title":{"rendered":"FERMO &#8211; Mesa de comedor extensible Magnum 280\/365x110cm en cer\u00e1mica y aluminio"},"content":{"rendered":"","protected":false},"excerpt":{"rendered":"<p>La mesa Fermo en su versi\u00f3n Magnum redefine el concepto de \u00abgran formato\u00bb. Dise\u00f1ada para presidir las terrazas de las villas m\u00e1s exclusivas, esta obra maestra de la ingenier\u00eda ofrece una superficie espectacular que se extiende desde 280 cm hasta unos impresionantes 365 cm, capaz de albergar c\u00f3modamente banquetes de 12 a 14 comensales. Su anchura especial de 110 cm (muy superior a la est\u00e1ndar) permite elaborar montajes de mesa y decoraciones centrales sin agobiar a los invitados. La encimera de cer\u00e1mica t\u00e9cnica (en acabado Carbono o el sofisticado Fusi\u00f3n B) garantiza una resistencia absoluta a los ara\u00f1azos y al calor, fusionando una est\u00e9tica de lujo con una durabilidad eterna.   <\/p>\n","protected":false},"featured_media":33120,"comment_status":"open","ping_status":"closed","template":"","meta":[],"product_brand":[5001],"product_cat":[6833,3120,3122,5659],"product_tag":[],"class_list":{"0":"post-33200","1":"product","2":"type-product","3":"status-publish","4":"has-post-thumbnail","6":"product_brand-la-villa-garden","7":"product_cat-outdoor-es","8":"product_cat-mesas","9":"product_cat-mesas-de-comedor","10":"product_cat-promociones-web","12":"first","13":"instock","14":"sale","15":"taxable","16":"shipping-taxable","17":"purchasable","18":"product-type-variable","19":"has-default-attributes"},"yoast_head":"<!-- This site is optimized with the Yoast SEO plugin v27.1.1 - https:\/\/yoast.com\/product\/yoast-seo-wordpress\/ -->\n<title>Mesa Gigante FERMO 365cm Cer\u00e1mica y Aluminio | La Villa Garden &amp; Design<\/title>\n<meta name=\"description\" content=\"La mesa m\u00e1s grande de la colecci\u00f3n: Fermo extensible (280-365cm). Ancho especial de 110cm. Cer\u00e1mica y aluminio de primera calidad. Lujo para 12-14 personas.\" \/>\n<meta name=\"robots\" content=\"index, follow, max-snippet:-1, max-image-preview:large, max-video-preview:-1\" \/>\n<link rel=\"canonical\" href=\"https:\/\/www.lavillagardendesign.com\/es\/producto\/fermo-mesa-extensible\/\" \/>\n<meta property=\"og:locale\" content=\"es_ES\" \/>\n<meta property=\"og:type\" content=\"article\" \/>\n<meta property=\"og:title\" content=\"Mesa Gigante FERMO 365cm Cer\u00e1mica y Aluminio | La Villa Garden &amp; Design\" \/>\n<meta property=\"og:description\" content=\"La mesa m\u00e1s grande de la colecci\u00f3n: Fermo extensible (280-365cm). Ancho especial de 110cm. Cer\u00e1mica y aluminio de primera calidad. Lujo para 12-14 personas.\" \/>\n<meta property=\"og:url\" content=\"https:\/\/www.lavillagardendesign.com\/es\/producto\/fermo-mesa-extensible\/\" \/>\n<meta property=\"og:site_name\" content=\"La Villa Garden&amp;Design\" \/>\n<meta property=\"article:publisher\" content=\"https:\/\/www.facebook.com\/lavillagardendesign\/\" \/>\n<meta property=\"article:modified_time\" content=\"2026-03-10T02:44:40+00:00\" \/>\n<meta property=\"og:image\" content=\"https:\/\/www.lavillagardendesign.com\/wp-content\/uploads\/2024\/01\/124-1.png\" \/>\n\t<meta property=\"og:image:width\" content=\"700\" \/>\n\t<meta property=\"og:image:height\" content=\"800\" \/>\n\t<meta property=\"og:image:type\" content=\"image\/png\" \/>\n<meta name=\"twitter:card\" content=\"summary_large_image\" \/>\n<script type=\"application\/ld+json\" class=\"yoast-schema-graph\">{\"@context\":\"https:\/\/schema.org\",\"@graph\":[{\"@type\":\"WebPage\",\"@id\":\"https:\/\/www.lavillagardendesign.com\/es\/producto\/fermo-mesa-extensible\/\",\"url\":\"https:\/\/www.lavillagardendesign.com\/es\/producto\/fermo-mesa-extensible\/\",\"name\":\"Mesa Gigante FERMO 365cm Cer\u00e1mica y Aluminio | La Villa Garden & Design\",\"isPartOf\":{\"@id\":\"https:\/\/www.lavillagardendesign.com\/#website\"},\"primaryImageOfPage\":{\"@id\":\"https:\/\/www.lavillagardendesign.com\/es\/producto\/fermo-mesa-extensible\/#primaryimage\"},\"image\":{\"@id\":\"https:\/\/www.lavillagardendesign.com\/es\/producto\/fermo-mesa-extensible\/#primaryimage\"},\"thumbnailUrl\":\"https:\/\/www.lavillagardendesign.com\/wp-content\/uploads\/2024\/01\/124-1.png\",\"datePublished\":\"2024-01-29T18:59:14+00:00\",\"dateModified\":\"2026-03-10T02:44:40+00:00\",\"description\":\"La mesa m\u00e1s grande de la colecci\u00f3n: Fermo extensible (280-365cm). Ancho especial de 110cm. Cer\u00e1mica y aluminio de primera calidad. Lujo para 12-14 personas.\",\"breadcrumb\":{\"@id\":\"https:\/\/www.lavillagardendesign.com\/es\/producto\/fermo-mesa-extensible\/#breadcrumb\"},\"inLanguage\":\"es\",\"potentialAction\":[{\"@type\":\"ReadAction\",\"target\":[\"https:\/\/www.lavillagardendesign.com\/es\/producto\/fermo-mesa-extensible\/\"]}]},{\"@type\":\"ImageObject\",\"inLanguage\":\"es\",\"@id\":\"https:\/\/www.lavillagardendesign.com\/es\/producto\/fermo-mesa-extensible\/#primaryimage\",\"url\":\"https:\/\/www.lavillagardendesign.com\/wp-content\/uploads\/2024\/01\/124-1.png\",\"contentUrl\":\"https:\/\/www.lavillagardendesign.com\/wp-content\/uploads\/2024\/01\/124-1.png\",\"width\":700,\"height\":800},{\"@type\":\"BreadcrumbList\",\"@id\":\"https:\/\/www.lavillagardendesign.com\/es\/producto\/fermo-mesa-extensible\/#breadcrumb\",\"itemListElement\":[{\"@type\":\"ListItem\",\"position\":1,\"name\":\"Home\",\"item\":\"https:\/\/www.lavillagardendesign.com\/\"},{\"@type\":\"ListItem\",\"position\":2,\"name\":\"Tienda\",\"item\":\"https:\/\/www.lavillagardendesign.com\/es\/tienda\/\"},{\"@type\":\"ListItem\",\"position\":3,\"name\":\"FERMO &#8211; Mesa de comedor extensible Magnum 280\/365x110cm en cer\u00e1mica y aluminio\"}]},{\"@type\":\"WebSite\",\"@id\":\"https:\/\/www.lavillagardendesign.com\/#website\",\"url\":\"https:\/\/www.lavillagardendesign.com\/\",\"name\":\"La Villa Garden&Design\",\"description\":\"\",\"publisher\":{\"@id\":\"https:\/\/www.lavillagardendesign.com\/#organization\"},\"potentialAction\":[{\"@type\":\"SearchAction\",\"target\":{\"@type\":\"EntryPoint\",\"urlTemplate\":\"https:\/\/www.lavillagardendesign.com\/?s={search_term_string}\"},\"query-input\":{\"@type\":\"PropertyValueSpecification\",\"valueRequired\":true,\"valueName\":\"search_term_string\"}}],\"inLanguage\":\"es\"},{\"@type\":\"Organization\",\"@id\":\"https:\/\/www.lavillagardendesign.com\/#organization\",\"name\":\"La Villa Garden&Design\",\"url\":\"https:\/\/www.lavillagardendesign.com\/\",\"logo\":{\"@type\":\"ImageObject\",\"inLanguage\":\"es\",\"@id\":\"https:\/\/www.lavillagardendesign.com\/#\/schema\/logo\/image\/\",\"url\":\"https:\/\/www.lavillagardendesign.com\/wp-content\/uploads\/2024\/04\/logolavilla.png\",\"contentUrl\":\"https:\/\/www.lavillagardendesign.com\/wp-content\/uploads\/2024\/04\/logolavilla.png\",\"width\":682,\"height\":391,\"caption\":\"La Villa Garden&Design\"},\"image\":{\"@id\":\"https:\/\/www.lavillagardendesign.com\/#\/schema\/logo\/image\/\"},\"sameAs\":[\"https:\/\/www.facebook.com\/lavillagardendesign\/\"]}]}<\/script>\n<!-- \/ Yoast SEO plugin. -->","yoast_head_json":{"title":"Mesa Gigante FERMO 365cm Cer\u00e1mica y Aluminio | La Villa Garden & Design","description":"La mesa m\u00e1s grande de la colecci\u00f3n: Fermo extensible (280-365cm). Ancho especial de 110cm. Cer\u00e1mica y aluminio de primera calidad. Lujo para 12-14 personas.","robots":{"index":"index","follow":"follow","max-snippet":"max-snippet:-1","max-image-preview":"max-image-preview:large","max-video-preview":"max-video-preview:-1"},"canonical":"https:\/\/www.lavillagardendesign.com\/es\/producto\/fermo-mesa-extensible\/","og_locale":"es_ES","og_type":"article","og_title":"Mesa Gigante FERMO 365cm Cer\u00e1mica y Aluminio | La Villa Garden & Design","og_description":"La mesa m\u00e1s grande de la colecci\u00f3n: Fermo extensible (280-365cm). Ancho especial de 110cm. Cer\u00e1mica y aluminio de primera calidad. Lujo para 12-14 personas.","og_url":"https:\/\/www.lavillagardendesign.com\/es\/producto\/fermo-mesa-extensible\/","og_site_name":"La Villa Garden&amp;Design","article_publisher":"https:\/\/www.facebook.com\/lavillagardendesign\/","article_modified_time":"2026-03-10T02:44:40+00:00","og_image":[{"width":700,"height":800,"url":"https:\/\/www.lavillagardendesign.com\/wp-content\/uploads\/2024\/01\/124-1.png","type":"image\/png"}],"twitter_card":"summary_large_image","schema":{"@context":"https:\/\/schema.org","@graph":[{"@type":"WebPage","@id":"https:\/\/www.lavillagardendesign.com\/es\/producto\/fermo-mesa-extensible\/","url":"https:\/\/www.lavillagardendesign.com\/es\/producto\/fermo-mesa-extensible\/","name":"Mesa Gigante FERMO 365cm Cer\u00e1mica y Aluminio | La Villa Garden & Design","isPartOf":{"@id":"https:\/\/www.lavillagardendesign.com\/#website"},"primaryImageOfPage":{"@id":"https:\/\/www.lavillagardendesign.com\/es\/producto\/fermo-mesa-extensible\/#primaryimage"},"image":{"@id":"https:\/\/www.lavillagardendesign.com\/es\/producto\/fermo-mesa-extensible\/#primaryimage"},"thumbnailUrl":"https:\/\/www.lavillagardendesign.com\/wp-content\/uploads\/2024\/01\/124-1.png","datePublished":"2024-01-29T18:59:14+00:00","dateModified":"2026-03-10T02:44:40+00:00","description":"La mesa m\u00e1s grande de la colecci\u00f3n: Fermo extensible (280-365cm). Ancho especial de 110cm. Cer\u00e1mica y aluminio de primera calidad. Lujo para 12-14 personas.","breadcrumb":{"@id":"https:\/\/www.lavillagardendesign.com\/es\/producto\/fermo-mesa-extensible\/#breadcrumb"},"inLanguage":"es","potentialAction":[{"@type":"ReadAction","target":["https:\/\/www.lavillagardendesign.com\/es\/producto\/fermo-mesa-extensible\/"]}]},{"@type":"ImageObject","inLanguage":"es","@id":"https:\/\/www.lavillagardendesign.com\/es\/producto\/fermo-mesa-extensible\/#primaryimage","url":"https:\/\/www.lavillagardendesign.com\/wp-content\/uploads\/2024\/01\/124-1.png","contentUrl":"https:\/\/www.lavillagardendesign.com\/wp-content\/uploads\/2024\/01\/124-1.png","width":700,"height":800},{"@type":"BreadcrumbList","@id":"https:\/\/www.lavillagardendesign.com\/es\/producto\/fermo-mesa-extensible\/#breadcrumb","itemListElement":[{"@type":"ListItem","position":1,"name":"Home","item":"https:\/\/www.lavillagardendesign.com\/"},{"@type":"ListItem","position":2,"name":"Tienda","item":"https:\/\/www.lavillagardendesign.com\/es\/tienda\/"},{"@type":"ListItem","position":3,"name":"FERMO &#8211; Mesa de comedor extensible Magnum 280\/365x110cm en cer\u00e1mica y aluminio"}]},{"@type":"WebSite","@id":"https:\/\/www.lavillagardendesign.com\/#website","url":"https:\/\/www.lavillagardendesign.com\/","name":"La Villa Garden&Design","description":"","publisher":{"@id":"https:\/\/www.lavillagardendesign.com\/#organization"},"potentialAction":[{"@type":"SearchAction","target":{"@type":"EntryPoint","urlTemplate":"https:\/\/www.lavillagardendesign.com\/?s={search_term_string}"},"query-input":{"@type":"PropertyValueSpecification","valueRequired":true,"valueName":"search_term_string"}}],"inLanguage":"es"},{"@type":"Organization","@id":"https:\/\/www.lavillagardendesign.com\/#organization","name":"La Villa Garden&Design","url":"https:\/\/www.lavillagardendesign.com\/","logo":{"@type":"ImageObject","inLanguage":"es","@id":"https:\/\/www.lavillagardendesign.com\/#\/schema\/logo\/image\/","url":"https:\/\/www.lavillagardendesign.com\/wp-content\/uploads\/2024\/04\/logolavilla.png","contentUrl":"https:\/\/www.lavillagardendesign.com\/wp-content\/uploads\/2024\/04\/logolavilla.png","width":682,"height":391,"caption":"La Villa Garden&Design"},"image":{"@id":"https:\/\/www.lavillagardendesign.com\/#\/schema\/logo\/image\/"},"sameAs":["https:\/\/www.facebook.com\/lavillagardendesign\/"]}]}},"_links":{"self":[{"href":"https:\/\/www.lavillagardendesign.com\/es\/wp-json\/wp\/v2\/product\/33200","targetHints":{"allow":["GET"]}}],"collection":[{"href":"https:\/\/www.lavillagardendesign.com\/es\/wp-json\/wp\/v2\/product"}],"about":[{"href":"https:\/\/www.lavillagardendesign.com\/es\/wp-json\/wp\/v2\/types\/product"}],"replies":[{"embeddable":true,"href":"https:\/\/www.lavillagardendesign.com\/es\/wp-json\/wp\/v2\/comments?post=33200"}],"version-history":[{"count":6,"href":"https:\/\/www.lavillagardendesign.com\/es\/wp-json\/wp\/v2\/product\/33200\/revisions"}],"predecessor-version":[{"id":67266,"href":"https:\/\/www.lavillagardendesign.com\/es\/wp-json\/wp\/v2\/product\/33200\/revisions\/67266"}],"wp:featuredmedia":[{"embeddable":true,"href":"https:\/\/www.lavillagardendesign.com\/es\/wp-json\/wp\/v2\/media\/33120"}],"wp:attachment":[{"href":"https:\/\/www.lavillagardendesign.com\/es\/wp-json\/wp\/v2\/media?parent=33200"}],"wp:term":[{"taxonomy":"product_brand","embeddable":true,"href":"https:\/\/www.lavillagardendesign.com\/es\/wp-json\/wp\/v2\/product_brand?post=33200"},{"taxonomy":"product_cat","embeddable":true,"href":"https:\/\/www.lavillagardendesign.com\/es\/wp-json\/wp\/v2\/product_cat?post=33200"},{"taxonomy":"product_tag","embeddable":true,"href":"https:\/\/www.lavillagardendesign.com\/es\/wp-json\/wp\/v2\/product_tag?post=33200"}],"curies":[{"name":"wp","href":"https:\/\/api.w.org\/{rel}","templated":true}]}}