{"id":32640,"date":"2024-01-29T19:58:07","date_gmt":"2024-01-29T18:58:07","guid":{"rendered":"https:\/\/www.lavillagardendesign.com\/product\/athenas-silla\/"},"modified":"2026-03-10T10:35:34","modified_gmt":"2026-03-10T09:35:34","slug":"athenas-silla","status":"publish","type":"product","link":"https:\/\/www.lavillagardendesign.com\/es\/producto\/athenas-silla\/","title":{"rendered":"ATHENA &#8211; Silla de comedor de aluminio y cuerda t\u00e9cnica"},"content":{"rendered":"","protected":false},"excerpt":{"rendered":"<p>La silla de comedor Athena representa el equilibrio perfecto entre solidez estructural y delicadeza artesanal. Su estructura de aluminio con recubrimiento de polvo, disponible en blanco o carbono, est\u00e1 envuelta en un sofisticado tejido de cuerda t\u00e9cnica (Viro o est\u00e1ndar de alta gama) que a\u00f1ade textura y calidez visual. Dise\u00f1ada para largas sobremesas en terrazas de la Costa Brava, cuenta con cojines tapizados en tejido Agora de alto rendimiento, famoso por su resistencia a la decoloraci\u00f3n y las manchas. Esta silla no es s\u00f3lo un asiento, sino una pieza de dise\u00f1o contempor\u00e1neo que eleva la est\u00e9tica de cualquier comedor de lujo al aire libre.   <\/p>\n","protected":false},"featured_media":32630,"comment_status":"open","ping_status":"closed","template":"","meta":[],"product_brand":[5001],"product_cat":[6833,5659,3105,3107],"product_tag":[],"class_list":{"0":"post-32640","1":"product","2":"type-product","3":"status-publish","4":"has-post-thumbnail","6":"product_brand-la-villa-garden","7":"product_cat-outdoor-es","8":"product_cat-promociones-web","9":"product_cat-sillas","10":"product_cat-sillas-de-comedor","12":"first","13":"instock","14":"sale","15":"taxable","16":"shipping-taxable","17":"purchasable","18":"product-type-variable","19":"has-default-attributes"},"yoast_head":"<!-- This site is optimized with the Yoast SEO plugin v27.4 - https:\/\/yoast.com\/product\/yoast-seo-wordpress\/ -->\n<title>Silla de Comedor de Aluminio y Cuerda ATHENA | La Villa Garden &amp; Design<\/title>\n<meta name=\"description\" content=\"Silla de comedor Athena. Dise\u00f1o de aluminio con cuerda tejida. Cojines premium Agora incluidos. Elegancia y durabilidad para tu terraza. Env\u00edo disponible.\" \/>\n<meta name=\"robots\" content=\"index, follow, max-snippet:-1, max-image-preview:large, max-video-preview:-1\" \/>\n<link rel=\"canonical\" href=\"https:\/\/www.lavillagardendesign.com\/es\/producto\/athenas-silla\/\" \/>\n<meta property=\"og:locale\" content=\"es_ES\" \/>\n<meta property=\"og:type\" content=\"article\" \/>\n<meta property=\"og:title\" content=\"Silla de Comedor de Aluminio y Cuerda ATHENA | La Villa Garden &amp; Design\" \/>\n<meta property=\"og:description\" content=\"Silla de comedor Athena. Dise\u00f1o de aluminio con cuerda tejida. Cojines premium Agora incluidos. Elegancia y durabilidad para tu terraza. Env\u00edo disponible.\" \/>\n<meta property=\"og:url\" content=\"https:\/\/www.lavillagardendesign.com\/es\/producto\/athenas-silla\/\" \/>\n<meta property=\"og:site_name\" content=\"La Villa Garden&amp;Design\" \/>\n<meta property=\"article:publisher\" content=\"https:\/\/www.facebook.com\/lavillagardendesign\/\" \/>\n<meta property=\"article:modified_time\" content=\"2026-03-10T09:35:34+00:00\" \/>\n<meta property=\"og:image\" content=\"https:\/\/www.lavillagardendesign.com\/wp-content\/uploads\/2024\/01\/108.png\" \/>\n\t<meta property=\"og:image:width\" content=\"700\" \/>\n\t<meta property=\"og:image:height\" content=\"800\" \/>\n\t<meta property=\"og:image:type\" content=\"image\/png\" \/>\n<meta name=\"twitter:card\" content=\"summary_large_image\" \/>\n<script type=\"application\/ld+json\" class=\"yoast-schema-graph\">{\"@context\":\"https:\\\/\\\/schema.org\",\"@graph\":[{\"@type\":\"WebPage\",\"@id\":\"https:\\\/\\\/www.lavillagardendesign.com\\\/es\\\/producto\\\/athenas-silla\\\/\",\"url\":\"https:\\\/\\\/www.lavillagardendesign.com\\\/es\\\/producto\\\/athenas-silla\\\/\",\"name\":\"Silla de Comedor de Aluminio y Cuerda ATHENA | La Villa Garden & Design\",\"isPartOf\":{\"@id\":\"https:\\\/\\\/www.lavillagardendesign.com\\\/#website\"},\"primaryImageOfPage\":{\"@id\":\"https:\\\/\\\/www.lavillagardendesign.com\\\/es\\\/producto\\\/athenas-silla\\\/#primaryimage\"},\"image\":{\"@id\":\"https:\\\/\\\/www.lavillagardendesign.com\\\/es\\\/producto\\\/athenas-silla\\\/#primaryimage\"},\"thumbnailUrl\":\"https:\\\/\\\/www.lavillagardendesign.com\\\/wp-content\\\/uploads\\\/2024\\\/01\\\/108.png\",\"datePublished\":\"2024-01-29T18:58:07+00:00\",\"dateModified\":\"2026-03-10T09:35:34+00:00\",\"description\":\"Silla de comedor Athena. Dise\u00f1o de aluminio con cuerda tejida. Cojines premium Agora incluidos. Elegancia y durabilidad para tu terraza. Env\u00edo disponible.\",\"breadcrumb\":{\"@id\":\"https:\\\/\\\/www.lavillagardendesign.com\\\/es\\\/producto\\\/athenas-silla\\\/#breadcrumb\"},\"inLanguage\":\"es\",\"potentialAction\":[{\"@type\":\"ReadAction\",\"target\":[\"https:\\\/\\\/www.lavillagardendesign.com\\\/es\\\/producto\\\/athenas-silla\\\/\"]}]},{\"@type\":\"ImageObject\",\"inLanguage\":\"es\",\"@id\":\"https:\\\/\\\/www.lavillagardendesign.com\\\/es\\\/producto\\\/athenas-silla\\\/#primaryimage\",\"url\":\"https:\\\/\\\/www.lavillagardendesign.com\\\/wp-content\\\/uploads\\\/2024\\\/01\\\/108.png\",\"contentUrl\":\"https:\\\/\\\/www.lavillagardendesign.com\\\/wp-content\\\/uploads\\\/2024\\\/01\\\/108.png\",\"width\":700,\"height\":800},{\"@type\":\"BreadcrumbList\",\"@id\":\"https:\\\/\\\/www.lavillagardendesign.com\\\/es\\\/producto\\\/athenas-silla\\\/#breadcrumb\",\"itemListElement\":[{\"@type\":\"ListItem\",\"position\":1,\"name\":\"Home\",\"item\":\"https:\\\/\\\/www.lavillagardendesign.com\\\/\"},{\"@type\":\"ListItem\",\"position\":2,\"name\":\"Tienda\",\"item\":\"https:\\\/\\\/www.lavillagardendesign.com\\\/es\\\/tienda\\\/\"},{\"@type\":\"ListItem\",\"position\":3,\"name\":\"ATHENA &#8211; Silla de comedor de aluminio y cuerda t\u00e9cnica\"}]},{\"@type\":\"WebSite\",\"@id\":\"https:\\\/\\\/www.lavillagardendesign.com\\\/#website\",\"url\":\"https:\\\/\\\/www.lavillagardendesign.com\\\/\",\"name\":\"La Villa Garden&Design\",\"description\":\"\",\"publisher\":{\"@id\":\"https:\\\/\\\/www.lavillagardendesign.com\\\/#organization\"},\"potentialAction\":[{\"@type\":\"SearchAction\",\"target\":{\"@type\":\"EntryPoint\",\"urlTemplate\":\"https:\\\/\\\/www.lavillagardendesign.com\\\/?s={search_term_string}\"},\"query-input\":{\"@type\":\"PropertyValueSpecification\",\"valueRequired\":true,\"valueName\":\"search_term_string\"}}],\"inLanguage\":\"es\"},{\"@type\":\"Organization\",\"@id\":\"https:\\\/\\\/www.lavillagardendesign.com\\\/#organization\",\"name\":\"La Villa Garden&Design\",\"url\":\"https:\\\/\\\/www.lavillagardendesign.com\\\/\",\"logo\":{\"@type\":\"ImageObject\",\"inLanguage\":\"es\",\"@id\":\"https:\\\/\\\/www.lavillagardendesign.com\\\/#\\\/schema\\\/logo\\\/image\\\/\",\"url\":\"https:\\\/\\\/www.lavillagardendesign.com\\\/wp-content\\\/uploads\\\/2024\\\/04\\\/logolavilla.png\",\"contentUrl\":\"https:\\\/\\\/www.lavillagardendesign.com\\\/wp-content\\\/uploads\\\/2024\\\/04\\\/logolavilla.png\",\"width\":682,\"height\":391,\"caption\":\"La Villa Garden&Design\"},\"image\":{\"@id\":\"https:\\\/\\\/www.lavillagardendesign.com\\\/#\\\/schema\\\/logo\\\/image\\\/\"},\"sameAs\":[\"https:\\\/\\\/www.facebook.com\\\/lavillagardendesign\\\/\"]}]}<\/script>\n<!-- \/ Yoast SEO plugin. -->","yoast_head_json":{"title":"Silla de Comedor de Aluminio y Cuerda ATHENA | La Villa Garden & Design","description":"Silla de comedor Athena. Dise\u00f1o de aluminio con cuerda tejida. Cojines premium Agora incluidos. Elegancia y durabilidad para tu terraza. Env\u00edo disponible.","robots":{"index":"index","follow":"follow","max-snippet":"max-snippet:-1","max-image-preview":"max-image-preview:large","max-video-preview":"max-video-preview:-1"},"canonical":"https:\/\/www.lavillagardendesign.com\/es\/producto\/athenas-silla\/","og_locale":"es_ES","og_type":"article","og_title":"Silla de Comedor de Aluminio y Cuerda ATHENA | La Villa Garden & Design","og_description":"Silla de comedor Athena. Dise\u00f1o de aluminio con cuerda tejida. Cojines premium Agora incluidos. Elegancia y durabilidad para tu terraza. Env\u00edo disponible.","og_url":"https:\/\/www.lavillagardendesign.com\/es\/producto\/athenas-silla\/","og_site_name":"La Villa Garden&amp;Design","article_publisher":"https:\/\/www.facebook.com\/lavillagardendesign\/","article_modified_time":"2026-03-10T09:35:34+00:00","og_image":[{"width":700,"height":800,"url":"https:\/\/www.lavillagardendesign.com\/wp-content\/uploads\/2024\/01\/108.png","type":"image\/png"}],"twitter_card":"summary_large_image","schema":{"@context":"https:\/\/schema.org","@graph":[{"@type":"WebPage","@id":"https:\/\/www.lavillagardendesign.com\/es\/producto\/athenas-silla\/","url":"https:\/\/www.lavillagardendesign.com\/es\/producto\/athenas-silla\/","name":"Silla de Comedor de Aluminio y Cuerda ATHENA | La Villa Garden & Design","isPartOf":{"@id":"https:\/\/www.lavillagardendesign.com\/#website"},"primaryImageOfPage":{"@id":"https:\/\/www.lavillagardendesign.com\/es\/producto\/athenas-silla\/#primaryimage"},"image":{"@id":"https:\/\/www.lavillagardendesign.com\/es\/producto\/athenas-silla\/#primaryimage"},"thumbnailUrl":"https:\/\/www.lavillagardendesign.com\/wp-content\/uploads\/2024\/01\/108.png","datePublished":"2024-01-29T18:58:07+00:00","dateModified":"2026-03-10T09:35:34+00:00","description":"Silla de comedor Athena. Dise\u00f1o de aluminio con cuerda tejida. Cojines premium Agora incluidos. Elegancia y durabilidad para tu terraza. Env\u00edo disponible.","breadcrumb":{"@id":"https:\/\/www.lavillagardendesign.com\/es\/producto\/athenas-silla\/#breadcrumb"},"inLanguage":"es","potentialAction":[{"@type":"ReadAction","target":["https:\/\/www.lavillagardendesign.com\/es\/producto\/athenas-silla\/"]}]},{"@type":"ImageObject","inLanguage":"es","@id":"https:\/\/www.lavillagardendesign.com\/es\/producto\/athenas-silla\/#primaryimage","url":"https:\/\/www.lavillagardendesign.com\/wp-content\/uploads\/2024\/01\/108.png","contentUrl":"https:\/\/www.lavillagardendesign.com\/wp-content\/uploads\/2024\/01\/108.png","width":700,"height":800},{"@type":"BreadcrumbList","@id":"https:\/\/www.lavillagardendesign.com\/es\/producto\/athenas-silla\/#breadcrumb","itemListElement":[{"@type":"ListItem","position":1,"name":"Home","item":"https:\/\/www.lavillagardendesign.com\/"},{"@type":"ListItem","position":2,"name":"Tienda","item":"https:\/\/www.lavillagardendesign.com\/es\/tienda\/"},{"@type":"ListItem","position":3,"name":"ATHENA &#8211; Silla de comedor de aluminio y cuerda t\u00e9cnica"}]},{"@type":"WebSite","@id":"https:\/\/www.lavillagardendesign.com\/#website","url":"https:\/\/www.lavillagardendesign.com\/","name":"La Villa Garden&Design","description":"","publisher":{"@id":"https:\/\/www.lavillagardendesign.com\/#organization"},"potentialAction":[{"@type":"SearchAction","target":{"@type":"EntryPoint","urlTemplate":"https:\/\/www.lavillagardendesign.com\/?s={search_term_string}"},"query-input":{"@type":"PropertyValueSpecification","valueRequired":true,"valueName":"search_term_string"}}],"inLanguage":"es"},{"@type":"Organization","@id":"https:\/\/www.lavillagardendesign.com\/#organization","name":"La Villa Garden&Design","url":"https:\/\/www.lavillagardendesign.com\/","logo":{"@type":"ImageObject","inLanguage":"es","@id":"https:\/\/www.lavillagardendesign.com\/#\/schema\/logo\/image\/","url":"https:\/\/www.lavillagardendesign.com\/wp-content\/uploads\/2024\/04\/logolavilla.png","contentUrl":"https:\/\/www.lavillagardendesign.com\/wp-content\/uploads\/2024\/04\/logolavilla.png","width":682,"height":391,"caption":"La Villa Garden&Design"},"image":{"@id":"https:\/\/www.lavillagardendesign.com\/#\/schema\/logo\/image\/"},"sameAs":["https:\/\/www.facebook.com\/lavillagardendesign\/"]}]}},"_links":{"self":[{"href":"https:\/\/www.lavillagardendesign.com\/es\/wp-json\/wp\/v2\/product\/32640","targetHints":{"allow":["GET"]}}],"collection":[{"href":"https:\/\/www.lavillagardendesign.com\/es\/wp-json\/wp\/v2\/product"}],"about":[{"href":"https:\/\/www.lavillagardendesign.com\/es\/wp-json\/wp\/v2\/types\/product"}],"replies":[{"embeddable":true,"href":"https:\/\/www.lavillagardendesign.com\/es\/wp-json\/wp\/v2\/comments?post=32640"}],"version-history":[{"count":3,"href":"https:\/\/www.lavillagardendesign.com\/es\/wp-json\/wp\/v2\/product\/32640\/revisions"}],"predecessor-version":[{"id":67321,"href":"https:\/\/www.lavillagardendesign.com\/es\/wp-json\/wp\/v2\/product\/32640\/revisions\/67321"}],"wp:featuredmedia":[{"embeddable":true,"href":"https:\/\/www.lavillagardendesign.com\/es\/wp-json\/wp\/v2\/media\/32630"}],"wp:attachment":[{"href":"https:\/\/www.lavillagardendesign.com\/es\/wp-json\/wp\/v2\/media?parent=32640"}],"wp:term":[{"taxonomy":"product_brand","embeddable":true,"href":"https:\/\/www.lavillagardendesign.com\/es\/wp-json\/wp\/v2\/product_brand?post=32640"},{"taxonomy":"product_cat","embeddable":true,"href":"https:\/\/www.lavillagardendesign.com\/es\/wp-json\/wp\/v2\/product_cat?post=32640"},{"taxonomy":"product_tag","embeddable":true,"href":"https:\/\/www.lavillagardendesign.com\/es\/wp-json\/wp\/v2\/product_tag?post=32640"}],"curies":[{"name":"wp","href":"https:\/\/api.w.org\/{rel}","templated":true}]}}