{"id":31419,"date":"2024-01-29T20:02:11","date_gmt":"2024-01-29T19:02:11","guid":{"rendered":"https:\/\/www.lavillagardendesign.com\/product\/spritz-butaca\/"},"modified":"2026-03-10T03:35:57","modified_gmt":"2026-03-10T02:35:57","slug":"spritz-butaca","status":"publish","type":"product","link":"https:\/\/www.lavillagardendesign.com\/es\/producto\/spritz-butaca\/","title":{"rendered":"SPRITZ &#8211; Sill\u00f3n relax de exterior"},"content":{"rendered":"","protected":false},"excerpt":{"rendered":"<p>La <strong>tumbona de exterior SPRITZ<\/strong> es una invitaci\u00f3n a la comodidad y la elegancia. Fabricada en <strong>polipropileno inyectado reforzado con fibra de vidrio<\/strong>, es <strong>ligera, duradera y apilable<\/strong> para facilitar su almacenamiento. Dise\u00f1ada para su uso tanto en interiores como en exteriores, resiste las inclemencias del tiempo y la exposici\u00f3n a los rayos UV, garantizando un rendimiento duradero. Su dise\u00f1o elegante y ergon\u00f3mico proporciona una comodidad de asiento excepcional, perfecta para disfrutar plenamente de tus espacios al aire libre. Disponible en varios colores, combina a la perfecci\u00f3n con cualquier estilo decorativo.    <\/p>\n","protected":false},"featured_media":52017,"comment_status":"open","ping_status":"closed","template":"","meta":[],"product_brand":[5000],"product_cat":[6833,3111,3112,4576,4559],"product_tag":[],"class_list":{"0":"post-31419","1":"product","2":"type-product","3":"status-publish","4":"has-post-thumbnail","6":"product_brand-vondom","7":"product_cat-outdoor-es","8":"product_cat-sofas-y-butacas","9":"product_cat-butacas","10":"product_cat-productos-vondom-es","11":"product_cat-butacas-vondom","12":"product_shipping_class-vondom-es","14":"first","15":"instock","16":"taxable","17":"shipping-taxable","18":"purchasable","19":"product-type-variable","20":"has-default-attributes"},"yoast_head":"<!-- This site is optimized with the Yoast SEO plugin v27.1.1 - https:\/\/yoast.com\/product\/yoast-seo-wordpress\/ -->\n<title>SPRITZ - Tumbona apilable para exterior | Comodidad y estilo<\/title>\n<meta name=\"description\" content=\"Rel\u00e1jate en la tumbona SPRITZ, un asiento apilable para exteriores fabricado en polipropileno reforzado. C\u00f3modo, ligero y resistente a la intemperie, perfecto para cualquier entorno exterior.\" \/>\n<meta name=\"robots\" content=\"index, follow, max-snippet:-1, max-image-preview:large, max-video-preview:-1\" \/>\n<link rel=\"canonical\" href=\"https:\/\/www.lavillagardendesign.com\/es\/producto\/spritz-butaca\/\" \/>\n<meta property=\"og:locale\" content=\"es_ES\" \/>\n<meta property=\"og:type\" content=\"article\" \/>\n<meta property=\"og:title\" content=\"SPRITZ - Tumbona apilable para exterior | Comodidad y estilo\" \/>\n<meta property=\"og:description\" content=\"Rel\u00e1jate en la tumbona SPRITZ, un asiento apilable para exteriores fabricado en polipropileno reforzado. C\u00f3modo, ligero y resistente a la intemperie, perfecto para cualquier entorno exterior.\" \/>\n<meta property=\"og:url\" content=\"https:\/\/www.lavillagardendesign.com\/es\/producto\/spritz-butaca\/\" \/>\n<meta property=\"og:site_name\" content=\"La Villa Garden&amp;Design\" \/>\n<meta property=\"article:publisher\" content=\"https:\/\/www.facebook.com\/lavillagardendesign\/\" \/>\n<meta property=\"article:modified_time\" content=\"2026-03-10T02:35:57+00:00\" \/>\n<meta property=\"og:image\" content=\"https:\/\/www.lavillagardendesign.com\/wp-content\/uploads\/2024\/01\/fauteuil-spritz-ecru.jpg\" \/>\n\t<meta property=\"og:image:width\" content=\"1240\" \/>\n\t<meta property=\"og:image:height\" content=\"1417\" \/>\n\t<meta property=\"og:image:type\" content=\"image\/jpeg\" \/>\n<meta name=\"twitter:card\" content=\"summary_large_image\" \/>\n<script type=\"application\/ld+json\" class=\"yoast-schema-graph\">{\"@context\":\"https:\/\/schema.org\",\"@graph\":[{\"@type\":\"WebPage\",\"@id\":\"https:\/\/www.lavillagardendesign.com\/es\/producto\/spritz-butaca\/\",\"url\":\"https:\/\/www.lavillagardendesign.com\/es\/producto\/spritz-butaca\/\",\"name\":\"SPRITZ - Tumbona apilable para exterior | Comodidad y estilo\",\"isPartOf\":{\"@id\":\"https:\/\/www.lavillagardendesign.com\/#website\"},\"primaryImageOfPage\":{\"@id\":\"https:\/\/www.lavillagardendesign.com\/es\/producto\/spritz-butaca\/#primaryimage\"},\"image\":{\"@id\":\"https:\/\/www.lavillagardendesign.com\/es\/producto\/spritz-butaca\/#primaryimage\"},\"thumbnailUrl\":\"https:\/\/www.lavillagardendesign.com\/wp-content\/uploads\/2024\/01\/fauteuil-spritz-ecru.jpg\",\"datePublished\":\"2024-01-29T19:02:11+00:00\",\"dateModified\":\"2026-03-10T02:35:57+00:00\",\"description\":\"Rel\u00e1jate en la tumbona SPRITZ, un asiento apilable para exteriores fabricado en polipropileno reforzado. C\u00f3modo, ligero y resistente a la intemperie, perfecto para cualquier entorno exterior.\",\"breadcrumb\":{\"@id\":\"https:\/\/www.lavillagardendesign.com\/es\/producto\/spritz-butaca\/#breadcrumb\"},\"inLanguage\":\"es\",\"potentialAction\":[{\"@type\":\"ReadAction\",\"target\":[\"https:\/\/www.lavillagardendesign.com\/es\/producto\/spritz-butaca\/\"]}]},{\"@type\":\"ImageObject\",\"inLanguage\":\"es\",\"@id\":\"https:\/\/www.lavillagardendesign.com\/es\/producto\/spritz-butaca\/#primaryimage\",\"url\":\"https:\/\/www.lavillagardendesign.com\/wp-content\/uploads\/2024\/01\/fauteuil-spritz-ecru.jpg\",\"contentUrl\":\"https:\/\/www.lavillagardendesign.com\/wp-content\/uploads\/2024\/01\/fauteuil-spritz-ecru.jpg\",\"width\":1240,\"height\":1417},{\"@type\":\"BreadcrumbList\",\"@id\":\"https:\/\/www.lavillagardendesign.com\/es\/producto\/spritz-butaca\/#breadcrumb\",\"itemListElement\":[{\"@type\":\"ListItem\",\"position\":1,\"name\":\"Home\",\"item\":\"https:\/\/www.lavillagardendesign.com\/\"},{\"@type\":\"ListItem\",\"position\":2,\"name\":\"Tienda\",\"item\":\"https:\/\/www.lavillagardendesign.com\/es\/tienda\/\"},{\"@type\":\"ListItem\",\"position\":3,\"name\":\"SPRITZ &#8211; Sill\u00f3n relax de exterior\"}]},{\"@type\":\"WebSite\",\"@id\":\"https:\/\/www.lavillagardendesign.com\/#website\",\"url\":\"https:\/\/www.lavillagardendesign.com\/\",\"name\":\"La Villa Garden&Design\",\"description\":\"\",\"publisher\":{\"@id\":\"https:\/\/www.lavillagardendesign.com\/#organization\"},\"potentialAction\":[{\"@type\":\"SearchAction\",\"target\":{\"@type\":\"EntryPoint\",\"urlTemplate\":\"https:\/\/www.lavillagardendesign.com\/?s={search_term_string}\"},\"query-input\":{\"@type\":\"PropertyValueSpecification\",\"valueRequired\":true,\"valueName\":\"search_term_string\"}}],\"inLanguage\":\"es\"},{\"@type\":\"Organization\",\"@id\":\"https:\/\/www.lavillagardendesign.com\/#organization\",\"name\":\"La Villa Garden&Design\",\"url\":\"https:\/\/www.lavillagardendesign.com\/\",\"logo\":{\"@type\":\"ImageObject\",\"inLanguage\":\"es\",\"@id\":\"https:\/\/www.lavillagardendesign.com\/#\/schema\/logo\/image\/\",\"url\":\"https:\/\/www.lavillagardendesign.com\/wp-content\/uploads\/2024\/04\/logolavilla.png\",\"contentUrl\":\"https:\/\/www.lavillagardendesign.com\/wp-content\/uploads\/2024\/04\/logolavilla.png\",\"width\":682,\"height\":391,\"caption\":\"La Villa Garden&Design\"},\"image\":{\"@id\":\"https:\/\/www.lavillagardendesign.com\/#\/schema\/logo\/image\/\"},\"sameAs\":[\"https:\/\/www.facebook.com\/lavillagardendesign\/\"]}]}<\/script>\n<!-- \/ Yoast SEO plugin. -->","yoast_head_json":{"title":"SPRITZ - Tumbona apilable para exterior | Comodidad y estilo","description":"Rel\u00e1jate en la tumbona SPRITZ, un asiento apilable para exteriores fabricado en polipropileno reforzado. C\u00f3modo, ligero y resistente a la intemperie, perfecto para cualquier entorno exterior.","robots":{"index":"index","follow":"follow","max-snippet":"max-snippet:-1","max-image-preview":"max-image-preview:large","max-video-preview":"max-video-preview:-1"},"canonical":"https:\/\/www.lavillagardendesign.com\/es\/producto\/spritz-butaca\/","og_locale":"es_ES","og_type":"article","og_title":"SPRITZ - Tumbona apilable para exterior | Comodidad y estilo","og_description":"Rel\u00e1jate en la tumbona SPRITZ, un asiento apilable para exteriores fabricado en polipropileno reforzado. C\u00f3modo, ligero y resistente a la intemperie, perfecto para cualquier entorno exterior.","og_url":"https:\/\/www.lavillagardendesign.com\/es\/producto\/spritz-butaca\/","og_site_name":"La Villa Garden&amp;Design","article_publisher":"https:\/\/www.facebook.com\/lavillagardendesign\/","article_modified_time":"2026-03-10T02:35:57+00:00","og_image":[{"width":1240,"height":1417,"url":"https:\/\/www.lavillagardendesign.com\/wp-content\/uploads\/2024\/01\/fauteuil-spritz-ecru.jpg","type":"image\/jpeg"}],"twitter_card":"summary_large_image","schema":{"@context":"https:\/\/schema.org","@graph":[{"@type":"WebPage","@id":"https:\/\/www.lavillagardendesign.com\/es\/producto\/spritz-butaca\/","url":"https:\/\/www.lavillagardendesign.com\/es\/producto\/spritz-butaca\/","name":"SPRITZ - Tumbona apilable para exterior | Comodidad y estilo","isPartOf":{"@id":"https:\/\/www.lavillagardendesign.com\/#website"},"primaryImageOfPage":{"@id":"https:\/\/www.lavillagardendesign.com\/es\/producto\/spritz-butaca\/#primaryimage"},"image":{"@id":"https:\/\/www.lavillagardendesign.com\/es\/producto\/spritz-butaca\/#primaryimage"},"thumbnailUrl":"https:\/\/www.lavillagardendesign.com\/wp-content\/uploads\/2024\/01\/fauteuil-spritz-ecru.jpg","datePublished":"2024-01-29T19:02:11+00:00","dateModified":"2026-03-10T02:35:57+00:00","description":"Rel\u00e1jate en la tumbona SPRITZ, un asiento apilable para exteriores fabricado en polipropileno reforzado. C\u00f3modo, ligero y resistente a la intemperie, perfecto para cualquier entorno exterior.","breadcrumb":{"@id":"https:\/\/www.lavillagardendesign.com\/es\/producto\/spritz-butaca\/#breadcrumb"},"inLanguage":"es","potentialAction":[{"@type":"ReadAction","target":["https:\/\/www.lavillagardendesign.com\/es\/producto\/spritz-butaca\/"]}]},{"@type":"ImageObject","inLanguage":"es","@id":"https:\/\/www.lavillagardendesign.com\/es\/producto\/spritz-butaca\/#primaryimage","url":"https:\/\/www.lavillagardendesign.com\/wp-content\/uploads\/2024\/01\/fauteuil-spritz-ecru.jpg","contentUrl":"https:\/\/www.lavillagardendesign.com\/wp-content\/uploads\/2024\/01\/fauteuil-spritz-ecru.jpg","width":1240,"height":1417},{"@type":"BreadcrumbList","@id":"https:\/\/www.lavillagardendesign.com\/es\/producto\/spritz-butaca\/#breadcrumb","itemListElement":[{"@type":"ListItem","position":1,"name":"Home","item":"https:\/\/www.lavillagardendesign.com\/"},{"@type":"ListItem","position":2,"name":"Tienda","item":"https:\/\/www.lavillagardendesign.com\/es\/tienda\/"},{"@type":"ListItem","position":3,"name":"SPRITZ &#8211; Sill\u00f3n relax de exterior"}]},{"@type":"WebSite","@id":"https:\/\/www.lavillagardendesign.com\/#website","url":"https:\/\/www.lavillagardendesign.com\/","name":"La Villa Garden&Design","description":"","publisher":{"@id":"https:\/\/www.lavillagardendesign.com\/#organization"},"potentialAction":[{"@type":"SearchAction","target":{"@type":"EntryPoint","urlTemplate":"https:\/\/www.lavillagardendesign.com\/?s={search_term_string}"},"query-input":{"@type":"PropertyValueSpecification","valueRequired":true,"valueName":"search_term_string"}}],"inLanguage":"es"},{"@type":"Organization","@id":"https:\/\/www.lavillagardendesign.com\/#organization","name":"La Villa Garden&Design","url":"https:\/\/www.lavillagardendesign.com\/","logo":{"@type":"ImageObject","inLanguage":"es","@id":"https:\/\/www.lavillagardendesign.com\/#\/schema\/logo\/image\/","url":"https:\/\/www.lavillagardendesign.com\/wp-content\/uploads\/2024\/04\/logolavilla.png","contentUrl":"https:\/\/www.lavillagardendesign.com\/wp-content\/uploads\/2024\/04\/logolavilla.png","width":682,"height":391,"caption":"La Villa Garden&Design"},"image":{"@id":"https:\/\/www.lavillagardendesign.com\/#\/schema\/logo\/image\/"},"sameAs":["https:\/\/www.facebook.com\/lavillagardendesign\/"]}]}},"_links":{"self":[{"href":"https:\/\/www.lavillagardendesign.com\/es\/wp-json\/wp\/v2\/product\/31419","targetHints":{"allow":["GET"]}}],"collection":[{"href":"https:\/\/www.lavillagardendesign.com\/es\/wp-json\/wp\/v2\/product"}],"about":[{"href":"https:\/\/www.lavillagardendesign.com\/es\/wp-json\/wp\/v2\/types\/product"}],"replies":[{"embeddable":true,"href":"https:\/\/www.lavillagardendesign.com\/es\/wp-json\/wp\/v2\/comments?post=31419"}],"version-history":[{"count":2,"href":"https:\/\/www.lavillagardendesign.com\/es\/wp-json\/wp\/v2\/product\/31419\/revisions"}],"predecessor-version":[{"id":52037,"href":"https:\/\/www.lavillagardendesign.com\/es\/wp-json\/wp\/v2\/product\/31419\/revisions\/52037"}],"wp:featuredmedia":[{"embeddable":true,"href":"https:\/\/www.lavillagardendesign.com\/es\/wp-json\/wp\/v2\/media\/52017"}],"wp:attachment":[{"href":"https:\/\/www.lavillagardendesign.com\/es\/wp-json\/wp\/v2\/media?parent=31419"}],"wp:term":[{"taxonomy":"product_brand","embeddable":true,"href":"https:\/\/www.lavillagardendesign.com\/es\/wp-json\/wp\/v2\/product_brand?post=31419"},{"taxonomy":"product_cat","embeddable":true,"href":"https:\/\/www.lavillagardendesign.com\/es\/wp-json\/wp\/v2\/product_cat?post=31419"},{"taxonomy":"product_tag","embeddable":true,"href":"https:\/\/www.lavillagardendesign.com\/es\/wp-json\/wp\/v2\/product_tag?post=31419"}],"curies":[{"name":"wp","href":"https:\/\/api.w.org\/{rel}","templated":true}]}}