{"id":30585,"date":"2025-10-21T13:09:10","date_gmt":"2025-10-21T12:09:10","guid":{"rendered":"https:\/\/www.lavillagardendesign.com\/product\/ko-samui-pack-2-fauteuils-1-canape-3-places\/"},"modified":"2026-02-10T14:45:04","modified_gmt":"2026-02-10T12:45:04","slug":"ko-samui-pack-2-fauteuils-1-canape-3-places","status":"publish","type":"product","link":"https:\/\/www.lavillagardendesign.com\/es\/producto\/ko-samui-pack-2-fauteuils-1-canape-3-places\/","title":{"rendered":"KO SAMUI \u2013 Conjunto de 1 sof\u00e1 de 3 plazas y 2 sillones de madera Sungkai"},"content":{"rendered":"","protected":false},"excerpt":{"rendered":"<p>Aporta un toque de elegancia ex\u00f3tica a tu espacio exterior con el conjunto KO SAMUI, que incluye un sof\u00e1 de 3 plazas y dos sillones fabricados en madera de Sungkai. Este mobiliario destaca por su dise\u00f1o aut\u00e9ntico y su estilo refinado, complementado con cojines blancos suaves y resistentes a las inclemencias del tiempo. Ideal para crear un sal\u00f3n exterior acogedor, se integra perfectamente en cualquier tipo de decoraci\u00f3n, a\u00f1adiendo encanto y car\u00e1cter a tu jard\u00edn o terraza.  <\/p>\n","protected":false},"featured_media":49982,"comment_status":"open","ping_status":"closed","template":"","meta":[],"product_brand":[4998],"product_cat":[6833,3111,3113],"product_tag":[],"class_list":{"0":"post-30585","1":"product","2":"type-product","3":"status-publish","4":"has-post-thumbnail","6":"product_brand-la-villa","7":"product_cat-outdoor-es","8":"product_cat-sofas-y-butacas","9":"product_cat-sofas-es","11":"first","12":"instock","13":"taxable","14":"shipping-taxable","15":"purchasable","16":"product-type-simple"},"yoast_head":"<!-- This site is optimized with the Yoast SEO plugin v27.1.1 - https:\/\/yoast.com\/product\/yoast-seo-wordpress\/ -->\n<title>KO SAMUI - Conjunto de sof\u00e1 y sillones de 3 plazas de teca<\/title>\n<meta name=\"description\" content=\"KO SAMUI: Sof\u00e1 de 3 plazas y 2 sillones de teca maciza. Dise\u00f1o aut\u00e9ntico y cojines blancos para un sal\u00f3n exterior elegante y original.\" \/>\n<meta name=\"robots\" content=\"index, follow, max-snippet:-1, max-image-preview:large, max-video-preview:-1\" \/>\n<link rel=\"canonical\" href=\"https:\/\/www.lavillagardendesign.com\/es\/producto\/ko-samui-pack-2-fauteuils-1-canape-3-places\/\" \/>\n<meta property=\"og:locale\" content=\"es_ES\" \/>\n<meta property=\"og:type\" content=\"article\" \/>\n<meta property=\"og:title\" content=\"KO SAMUI - Conjunto de sof\u00e1 y sillones de 3 plazas de teca\" \/>\n<meta property=\"og:description\" content=\"KO SAMUI: Sof\u00e1 de 3 plazas y 2 sillones de teca maciza. Dise\u00f1o aut\u00e9ntico y cojines blancos para un sal\u00f3n exterior elegante y original.\" \/>\n<meta property=\"og:url\" content=\"https:\/\/www.lavillagardendesign.com\/es\/producto\/ko-samui-pack-2-fauteuils-1-canape-3-places\/\" \/>\n<meta property=\"og:site_name\" content=\"La Villa Garden&amp;Design\" \/>\n<meta property=\"article:publisher\" content=\"https:\/\/www.facebook.com\/lavillagardendesign\/\" \/>\n<meta property=\"article:modified_time\" content=\"2026-02-10T12:45:04+00:00\" \/>\n<meta property=\"og:image\" content=\"https:\/\/www.lavillagardendesign.com\/wp-content\/uploads\/2024\/01\/4264f341-953a-43f4-921b-9a0a8eaccd90.jpg\" \/>\n\t<meta property=\"og:image:width\" content=\"1080\" \/>\n\t<meta property=\"og:image:height\" content=\"1436\" \/>\n\t<meta property=\"og:image:type\" content=\"image\/jpeg\" \/>\n<meta name=\"twitter:card\" content=\"summary_large_image\" \/>\n<script type=\"application\/ld+json\" class=\"yoast-schema-graph\">{\"@context\":\"https:\/\/schema.org\",\"@graph\":[{\"@type\":\"WebPage\",\"@id\":\"https:\/\/www.lavillagardendesign.com\/es\/producto\/ko-samui-pack-2-fauteuils-1-canape-3-places\/\",\"url\":\"https:\/\/www.lavillagardendesign.com\/es\/producto\/ko-samui-pack-2-fauteuils-1-canape-3-places\/\",\"name\":\"KO SAMUI - Conjunto de sof\u00e1 y sillones de 3 plazas de teca\",\"isPartOf\":{\"@id\":\"https:\/\/www.lavillagardendesign.com\/#website\"},\"primaryImageOfPage\":{\"@id\":\"https:\/\/www.lavillagardendesign.com\/es\/producto\/ko-samui-pack-2-fauteuils-1-canape-3-places\/#primaryimage\"},\"image\":{\"@id\":\"https:\/\/www.lavillagardendesign.com\/es\/producto\/ko-samui-pack-2-fauteuils-1-canape-3-places\/#primaryimage\"},\"thumbnailUrl\":\"https:\/\/www.lavillagardendesign.com\/wp-content\/uploads\/2024\/01\/4264f341-953a-43f4-921b-9a0a8eaccd90.jpg\",\"datePublished\":\"2025-10-21T12:09:10+00:00\",\"dateModified\":\"2026-02-10T12:45:04+00:00\",\"description\":\"KO SAMUI: Sof\u00e1 de 3 plazas y 2 sillones de teca maciza. Dise\u00f1o aut\u00e9ntico y cojines blancos para un sal\u00f3n exterior elegante y original.\",\"breadcrumb\":{\"@id\":\"https:\/\/www.lavillagardendesign.com\/es\/producto\/ko-samui-pack-2-fauteuils-1-canape-3-places\/#breadcrumb\"},\"inLanguage\":\"es\",\"potentialAction\":[{\"@type\":\"ReadAction\",\"target\":[\"https:\/\/www.lavillagardendesign.com\/es\/producto\/ko-samui-pack-2-fauteuils-1-canape-3-places\/\"]}]},{\"@type\":\"ImageObject\",\"inLanguage\":\"es\",\"@id\":\"https:\/\/www.lavillagardendesign.com\/es\/producto\/ko-samui-pack-2-fauteuils-1-canape-3-places\/#primaryimage\",\"url\":\"https:\/\/www.lavillagardendesign.com\/wp-content\/uploads\/2024\/01\/4264f341-953a-43f4-921b-9a0a8eaccd90.jpg\",\"contentUrl\":\"https:\/\/www.lavillagardendesign.com\/wp-content\/uploads\/2024\/01\/4264f341-953a-43f4-921b-9a0a8eaccd90.jpg\",\"width\":1080,\"height\":1436},{\"@type\":\"BreadcrumbList\",\"@id\":\"https:\/\/www.lavillagardendesign.com\/es\/producto\/ko-samui-pack-2-fauteuils-1-canape-3-places\/#breadcrumb\",\"itemListElement\":[{\"@type\":\"ListItem\",\"position\":1,\"name\":\"Home\",\"item\":\"https:\/\/www.lavillagardendesign.com\/\"},{\"@type\":\"ListItem\",\"position\":2,\"name\":\"Tienda\",\"item\":\"https:\/\/www.lavillagardendesign.com\/es\/tienda\/\"},{\"@type\":\"ListItem\",\"position\":3,\"name\":\"KO SAMUI \u2013 Conjunto de 1 sof\u00e1 de 3 plazas y 2 sillones de madera Sungkai\"}]},{\"@type\":\"WebSite\",\"@id\":\"https:\/\/www.lavillagardendesign.com\/#website\",\"url\":\"https:\/\/www.lavillagardendesign.com\/\",\"name\":\"La Villa Garden&Design\",\"description\":\"\",\"publisher\":{\"@id\":\"https:\/\/www.lavillagardendesign.com\/#organization\"},\"potentialAction\":[{\"@type\":\"SearchAction\",\"target\":{\"@type\":\"EntryPoint\",\"urlTemplate\":\"https:\/\/www.lavillagardendesign.com\/?s={search_term_string}\"},\"query-input\":{\"@type\":\"PropertyValueSpecification\",\"valueRequired\":true,\"valueName\":\"search_term_string\"}}],\"inLanguage\":\"es\"},{\"@type\":\"Organization\",\"@id\":\"https:\/\/www.lavillagardendesign.com\/#organization\",\"name\":\"La Villa Garden&Design\",\"url\":\"https:\/\/www.lavillagardendesign.com\/\",\"logo\":{\"@type\":\"ImageObject\",\"inLanguage\":\"es\",\"@id\":\"https:\/\/www.lavillagardendesign.com\/#\/schema\/logo\/image\/\",\"url\":\"https:\/\/www.lavillagardendesign.com\/wp-content\/uploads\/2024\/04\/logolavilla.png\",\"contentUrl\":\"https:\/\/www.lavillagardendesign.com\/wp-content\/uploads\/2024\/04\/logolavilla.png\",\"width\":682,\"height\":391,\"caption\":\"La Villa Garden&Design\"},\"image\":{\"@id\":\"https:\/\/www.lavillagardendesign.com\/#\/schema\/logo\/image\/\"},\"sameAs\":[\"https:\/\/www.facebook.com\/lavillagardendesign\/\"]}]}<\/script>\n<!-- \/ Yoast SEO plugin. -->","yoast_head_json":{"title":"KO SAMUI - Conjunto de sof\u00e1 y sillones de 3 plazas de teca","description":"KO SAMUI: Sof\u00e1 de 3 plazas y 2 sillones de teca maciza. Dise\u00f1o aut\u00e9ntico y cojines blancos para un sal\u00f3n exterior elegante y original.","robots":{"index":"index","follow":"follow","max-snippet":"max-snippet:-1","max-image-preview":"max-image-preview:large","max-video-preview":"max-video-preview:-1"},"canonical":"https:\/\/www.lavillagardendesign.com\/es\/producto\/ko-samui-pack-2-fauteuils-1-canape-3-places\/","og_locale":"es_ES","og_type":"article","og_title":"KO SAMUI - Conjunto de sof\u00e1 y sillones de 3 plazas de teca","og_description":"KO SAMUI: Sof\u00e1 de 3 plazas y 2 sillones de teca maciza. Dise\u00f1o aut\u00e9ntico y cojines blancos para un sal\u00f3n exterior elegante y original.","og_url":"https:\/\/www.lavillagardendesign.com\/es\/producto\/ko-samui-pack-2-fauteuils-1-canape-3-places\/","og_site_name":"La Villa Garden&amp;Design","article_publisher":"https:\/\/www.facebook.com\/lavillagardendesign\/","article_modified_time":"2026-02-10T12:45:04+00:00","og_image":[{"width":1080,"height":1436,"url":"https:\/\/www.lavillagardendesign.com\/wp-content\/uploads\/2024\/01\/4264f341-953a-43f4-921b-9a0a8eaccd90.jpg","type":"image\/jpeg"}],"twitter_card":"summary_large_image","schema":{"@context":"https:\/\/schema.org","@graph":[{"@type":"WebPage","@id":"https:\/\/www.lavillagardendesign.com\/es\/producto\/ko-samui-pack-2-fauteuils-1-canape-3-places\/","url":"https:\/\/www.lavillagardendesign.com\/es\/producto\/ko-samui-pack-2-fauteuils-1-canape-3-places\/","name":"KO SAMUI - Conjunto de sof\u00e1 y sillones de 3 plazas de teca","isPartOf":{"@id":"https:\/\/www.lavillagardendesign.com\/#website"},"primaryImageOfPage":{"@id":"https:\/\/www.lavillagardendesign.com\/es\/producto\/ko-samui-pack-2-fauteuils-1-canape-3-places\/#primaryimage"},"image":{"@id":"https:\/\/www.lavillagardendesign.com\/es\/producto\/ko-samui-pack-2-fauteuils-1-canape-3-places\/#primaryimage"},"thumbnailUrl":"https:\/\/www.lavillagardendesign.com\/wp-content\/uploads\/2024\/01\/4264f341-953a-43f4-921b-9a0a8eaccd90.jpg","datePublished":"2025-10-21T12:09:10+00:00","dateModified":"2026-02-10T12:45:04+00:00","description":"KO SAMUI: Sof\u00e1 de 3 plazas y 2 sillones de teca maciza. Dise\u00f1o aut\u00e9ntico y cojines blancos para un sal\u00f3n exterior elegante y original.","breadcrumb":{"@id":"https:\/\/www.lavillagardendesign.com\/es\/producto\/ko-samui-pack-2-fauteuils-1-canape-3-places\/#breadcrumb"},"inLanguage":"es","potentialAction":[{"@type":"ReadAction","target":["https:\/\/www.lavillagardendesign.com\/es\/producto\/ko-samui-pack-2-fauteuils-1-canape-3-places\/"]}]},{"@type":"ImageObject","inLanguage":"es","@id":"https:\/\/www.lavillagardendesign.com\/es\/producto\/ko-samui-pack-2-fauteuils-1-canape-3-places\/#primaryimage","url":"https:\/\/www.lavillagardendesign.com\/wp-content\/uploads\/2024\/01\/4264f341-953a-43f4-921b-9a0a8eaccd90.jpg","contentUrl":"https:\/\/www.lavillagardendesign.com\/wp-content\/uploads\/2024\/01\/4264f341-953a-43f4-921b-9a0a8eaccd90.jpg","width":1080,"height":1436},{"@type":"BreadcrumbList","@id":"https:\/\/www.lavillagardendesign.com\/es\/producto\/ko-samui-pack-2-fauteuils-1-canape-3-places\/#breadcrumb","itemListElement":[{"@type":"ListItem","position":1,"name":"Home","item":"https:\/\/www.lavillagardendesign.com\/"},{"@type":"ListItem","position":2,"name":"Tienda","item":"https:\/\/www.lavillagardendesign.com\/es\/tienda\/"},{"@type":"ListItem","position":3,"name":"KO SAMUI \u2013 Conjunto de 1 sof\u00e1 de 3 plazas y 2 sillones de madera Sungkai"}]},{"@type":"WebSite","@id":"https:\/\/www.lavillagardendesign.com\/#website","url":"https:\/\/www.lavillagardendesign.com\/","name":"La Villa Garden&Design","description":"","publisher":{"@id":"https:\/\/www.lavillagardendesign.com\/#organization"},"potentialAction":[{"@type":"SearchAction","target":{"@type":"EntryPoint","urlTemplate":"https:\/\/www.lavillagardendesign.com\/?s={search_term_string}"},"query-input":{"@type":"PropertyValueSpecification","valueRequired":true,"valueName":"search_term_string"}}],"inLanguage":"es"},{"@type":"Organization","@id":"https:\/\/www.lavillagardendesign.com\/#organization","name":"La Villa Garden&Design","url":"https:\/\/www.lavillagardendesign.com\/","logo":{"@type":"ImageObject","inLanguage":"es","@id":"https:\/\/www.lavillagardendesign.com\/#\/schema\/logo\/image\/","url":"https:\/\/www.lavillagardendesign.com\/wp-content\/uploads\/2024\/04\/logolavilla.png","contentUrl":"https:\/\/www.lavillagardendesign.com\/wp-content\/uploads\/2024\/04\/logolavilla.png","width":682,"height":391,"caption":"La Villa Garden&Design"},"image":{"@id":"https:\/\/www.lavillagardendesign.com\/#\/schema\/logo\/image\/"},"sameAs":["https:\/\/www.facebook.com\/lavillagardendesign\/"]}]}},"_links":{"self":[{"href":"https:\/\/www.lavillagardendesign.com\/es\/wp-json\/wp\/v2\/product\/30585","targetHints":{"allow":["GET"]}}],"collection":[{"href":"https:\/\/www.lavillagardendesign.com\/es\/wp-json\/wp\/v2\/product"}],"about":[{"href":"https:\/\/www.lavillagardendesign.com\/es\/wp-json\/wp\/v2\/types\/product"}],"replies":[{"embeddable":true,"href":"https:\/\/www.lavillagardendesign.com\/es\/wp-json\/wp\/v2\/comments?post=30585"}],"version-history":[{"count":3,"href":"https:\/\/www.lavillagardendesign.com\/es\/wp-json\/wp\/v2\/product\/30585\/revisions"}],"predecessor-version":[{"id":47940,"href":"https:\/\/www.lavillagardendesign.com\/es\/wp-json\/wp\/v2\/product\/30585\/revisions\/47940"}],"wp:featuredmedia":[{"embeddable":true,"href":"https:\/\/www.lavillagardendesign.com\/es\/wp-json\/wp\/v2\/media\/49982"}],"wp:attachment":[{"href":"https:\/\/www.lavillagardendesign.com\/es\/wp-json\/wp\/v2\/media?parent=30585"}],"wp:term":[{"taxonomy":"product_brand","embeddable":true,"href":"https:\/\/www.lavillagardendesign.com\/es\/wp-json\/wp\/v2\/product_brand?post=30585"},{"taxonomy":"product_cat","embeddable":true,"href":"https:\/\/www.lavillagardendesign.com\/es\/wp-json\/wp\/v2\/product_cat?post=30585"},{"taxonomy":"product_tag","embeddable":true,"href":"https:\/\/www.lavillagardendesign.com\/es\/wp-json\/wp\/v2\/product_tag?post=30585"}],"curies":[{"name":"wp","href":"https:\/\/api.w.org\/{rel}","templated":true}]}}