{"id":30471,"date":"2024-01-29T19:58:25","date_gmt":"2024-01-29T17:58:25","guid":{"rendered":"https:\/\/www.lavillagardendesign.com\/product\/eden-mesa-comedor-2\/"},"modified":"2026-04-25T15:38:29","modified_gmt":"2026-04-25T13:38:29","slug":"eden-mesa-comedor-2","status":"publish","type":"product","link":"https:\/\/www.lavillagardendesign.com\/es\/producto\/eden-mesa-comedor-2\/","title":{"rendered":"EDEN &#8211; Mesa de comedor ovalada de cer\u00e1mica para 8\/12 personas"},"content":{"rendered":"","protected":false},"excerpt":{"rendered":"<p><strong>Mesa de comedor ovalada de cer\u00e1mica de la Colecci\u00f3n EDEN by LA VILLA<\/strong><\/p>\n<p><span data-path-to-node=\"7,1,0,0\"> Experimenta el culmen de la sofisticaci\u00f3n en exteriores con la mesa EDEN. <\/span><span data-path-to-node=\"7,1,0,2\"><span class=\"citation-124\">Su tablero de cer\u00e1mica de primera calidad no s\u00f3lo evoca la elegancia del dise\u00f1o mediterr\u00e1neo contempor\u00e1neo, sino que tambi\u00e9n ofrece una excepcional resistencia a la intemperie y a los rayos UV. <\/span><\/span><span data-path-to-node=\"7,1,0,5\"><span class=\"citation-123\">Perfecta para grandes reuniones en villas exclusivas, combina la durabilidad artesanal con una est\u00e9tica minimalista<\/span><\/span><\/p>\n<p><strong>Largo: 260 cm, Ancho: 130 cm, Alto: 75 cm<\/strong><\/p>\n","protected":false},"featured_media":63507,"comment_status":"open","ping_status":"closed","template":"","meta":[],"product_brand":[],"product_cat":[3120,3122,6833],"product_tag":[],"class_list":{"0":"post-30471","1":"product","2":"type-product","3":"status-publish","4":"has-post-thumbnail","6":"product_cat-mesas","7":"product_cat-mesas-de-comedor","8":"product_cat-outdoor-es","10":"first","11":"outofstock","12":"taxable","13":"shipping-taxable","14":"purchasable","15":"product-type-variable"},"yoast_head":"<!-- This site is optimized with the Yoast SEO plugin v27.4 - https:\/\/yoast.com\/product\/yoast-seo-wordpress\/ -->\n<title>EDEN - Mesa de comedor ovalada de cer\u00e1mica para 8\/12 personas - La Villa Garden&amp;Design<\/title>\n<meta name=\"description\" content=\"Descubre la mesa EDEN. Dise\u00f1o ovalado en cer\u00e1mica de lujo para 12 personas. Resistencia y elegancia mediterr\u00e1nea para su terraza.\" \/>\n<meta name=\"robots\" content=\"index, follow, max-snippet:-1, max-image-preview:large, max-video-preview:-1\" \/>\n<link rel=\"canonical\" href=\"https:\/\/www.lavillagardendesign.com\/es\/producto\/eden-mesa-comedor-2\/\" \/>\n<meta property=\"og:locale\" content=\"es_ES\" \/>\n<meta property=\"og:type\" content=\"article\" \/>\n<meta property=\"og:title\" content=\"EDEN - Mesa de comedor ovalada de cer\u00e1mica para 8\/12 personas - La Villa Garden&amp;Design\" \/>\n<meta property=\"og:description\" content=\"Descubre la mesa EDEN. Dise\u00f1o ovalado en cer\u00e1mica de lujo para 12 personas. Resistencia y elegancia mediterr\u00e1nea para su terraza.\" \/>\n<meta property=\"og:url\" content=\"https:\/\/www.lavillagardendesign.com\/es\/producto\/eden-mesa-comedor-2\/\" \/>\n<meta property=\"og:site_name\" content=\"La Villa Garden&amp;Design\" \/>\n<meta property=\"article:publisher\" content=\"https:\/\/www.facebook.com\/lavillagardendesign\/\" \/>\n<meta property=\"article:modified_time\" content=\"2026-04-25T13:38:29+00:00\" \/>\n<meta property=\"og:image\" content=\"https:\/\/www.lavillagardendesign.com\/wp-content\/uploads\/2024\/01\/Captura-de-pantalla-2026-02-16-a-las-9.50.38.jpg\" \/>\n\t<meta property=\"og:image:width\" content=\"850\" \/>\n\t<meta property=\"og:image:height\" content=\"966\" \/>\n\t<meta property=\"og:image:type\" content=\"image\/jpeg\" \/>\n<meta name=\"twitter:card\" content=\"summary_large_image\" \/>\n<script type=\"application\/ld+json\" class=\"yoast-schema-graph\">{\"@context\":\"https:\\\/\\\/schema.org\",\"@graph\":[{\"@type\":\"WebPage\",\"@id\":\"https:\\\/\\\/www.lavillagardendesign.com\\\/es\\\/producto\\\/eden-mesa-comedor-2\\\/\",\"url\":\"https:\\\/\\\/www.lavillagardendesign.com\\\/es\\\/producto\\\/eden-mesa-comedor-2\\\/\",\"name\":\"EDEN - Mesa de comedor ovalada de cer\u00e1mica para 8\\\/12 personas - La Villa Garden&amp;Design\",\"isPartOf\":{\"@id\":\"https:\\\/\\\/www.lavillagardendesign.com\\\/#website\"},\"primaryImageOfPage\":{\"@id\":\"https:\\\/\\\/www.lavillagardendesign.com\\\/es\\\/producto\\\/eden-mesa-comedor-2\\\/#primaryimage\"},\"image\":{\"@id\":\"https:\\\/\\\/www.lavillagardendesign.com\\\/es\\\/producto\\\/eden-mesa-comedor-2\\\/#primaryimage\"},\"thumbnailUrl\":\"https:\\\/\\\/www.lavillagardendesign.com\\\/wp-content\\\/uploads\\\/2024\\\/01\\\/Captura-de-pantalla-2026-02-16-a-las-9.50.38.jpg\",\"datePublished\":\"2024-01-29T17:58:25+00:00\",\"dateModified\":\"2026-04-25T13:38:29+00:00\",\"description\":\"Descubre la mesa EDEN. Dise\u00f1o ovalado en cer\u00e1mica de lujo para 12 personas. Resistencia y elegancia mediterr\u00e1nea para su terraza.\",\"breadcrumb\":{\"@id\":\"https:\\\/\\\/www.lavillagardendesign.com\\\/es\\\/producto\\\/eden-mesa-comedor-2\\\/#breadcrumb\"},\"inLanguage\":\"es\",\"potentialAction\":[{\"@type\":\"ReadAction\",\"target\":[\"https:\\\/\\\/www.lavillagardendesign.com\\\/es\\\/producto\\\/eden-mesa-comedor-2\\\/\"]}]},{\"@type\":\"ImageObject\",\"inLanguage\":\"es\",\"@id\":\"https:\\\/\\\/www.lavillagardendesign.com\\\/es\\\/producto\\\/eden-mesa-comedor-2\\\/#primaryimage\",\"url\":\"https:\\\/\\\/www.lavillagardendesign.com\\\/wp-content\\\/uploads\\\/2024\\\/01\\\/Captura-de-pantalla-2026-02-16-a-las-9.50.38.jpg\",\"contentUrl\":\"https:\\\/\\\/www.lavillagardendesign.com\\\/wp-content\\\/uploads\\\/2024\\\/01\\\/Captura-de-pantalla-2026-02-16-a-las-9.50.38.jpg\",\"width\":850,\"height\":966},{\"@type\":\"BreadcrumbList\",\"@id\":\"https:\\\/\\\/www.lavillagardendesign.com\\\/es\\\/producto\\\/eden-mesa-comedor-2\\\/#breadcrumb\",\"itemListElement\":[{\"@type\":\"ListItem\",\"position\":1,\"name\":\"Home\",\"item\":\"https:\\\/\\\/www.lavillagardendesign.com\\\/\"},{\"@type\":\"ListItem\",\"position\":2,\"name\":\"Tienda\",\"item\":\"https:\\\/\\\/www.lavillagardendesign.com\\\/es\\\/tienda\\\/\"},{\"@type\":\"ListItem\",\"position\":3,\"name\":\"EDEN &#8211; Mesa de comedor ovalada de cer\u00e1mica para 8\\\/12 personas\"}]},{\"@type\":\"WebSite\",\"@id\":\"https:\\\/\\\/www.lavillagardendesign.com\\\/#website\",\"url\":\"https:\\\/\\\/www.lavillagardendesign.com\\\/\",\"name\":\"La Villa Garden&Design\",\"description\":\"\",\"publisher\":{\"@id\":\"https:\\\/\\\/www.lavillagardendesign.com\\\/#organization\"},\"potentialAction\":[{\"@type\":\"SearchAction\",\"target\":{\"@type\":\"EntryPoint\",\"urlTemplate\":\"https:\\\/\\\/www.lavillagardendesign.com\\\/?s={search_term_string}\"},\"query-input\":{\"@type\":\"PropertyValueSpecification\",\"valueRequired\":true,\"valueName\":\"search_term_string\"}}],\"inLanguage\":\"es\"},{\"@type\":\"Organization\",\"@id\":\"https:\\\/\\\/www.lavillagardendesign.com\\\/#organization\",\"name\":\"La Villa Garden&Design\",\"url\":\"https:\\\/\\\/www.lavillagardendesign.com\\\/\",\"logo\":{\"@type\":\"ImageObject\",\"inLanguage\":\"es\",\"@id\":\"https:\\\/\\\/www.lavillagardendesign.com\\\/#\\\/schema\\\/logo\\\/image\\\/\",\"url\":\"https:\\\/\\\/www.lavillagardendesign.com\\\/wp-content\\\/uploads\\\/2024\\\/04\\\/logolavilla.png\",\"contentUrl\":\"https:\\\/\\\/www.lavillagardendesign.com\\\/wp-content\\\/uploads\\\/2024\\\/04\\\/logolavilla.png\",\"width\":682,\"height\":391,\"caption\":\"La Villa Garden&Design\"},\"image\":{\"@id\":\"https:\\\/\\\/www.lavillagardendesign.com\\\/#\\\/schema\\\/logo\\\/image\\\/\"},\"sameAs\":[\"https:\\\/\\\/www.facebook.com\\\/lavillagardendesign\\\/\"]}]}<\/script>\n<!-- \/ Yoast SEO plugin. -->","yoast_head_json":{"title":"EDEN - Mesa de comedor ovalada de cer\u00e1mica para 8\/12 personas - La Villa Garden&amp;Design","description":"Descubre la mesa EDEN. Dise\u00f1o ovalado en cer\u00e1mica de lujo para 12 personas. Resistencia y elegancia mediterr\u00e1nea para su terraza.","robots":{"index":"index","follow":"follow","max-snippet":"max-snippet:-1","max-image-preview":"max-image-preview:large","max-video-preview":"max-video-preview:-1"},"canonical":"https:\/\/www.lavillagardendesign.com\/es\/producto\/eden-mesa-comedor-2\/","og_locale":"es_ES","og_type":"article","og_title":"EDEN - Mesa de comedor ovalada de cer\u00e1mica para 8\/12 personas - La Villa Garden&amp;Design","og_description":"Descubre la mesa EDEN. Dise\u00f1o ovalado en cer\u00e1mica de lujo para 12 personas. Resistencia y elegancia mediterr\u00e1nea para su terraza.","og_url":"https:\/\/www.lavillagardendesign.com\/es\/producto\/eden-mesa-comedor-2\/","og_site_name":"La Villa Garden&amp;Design","article_publisher":"https:\/\/www.facebook.com\/lavillagardendesign\/","article_modified_time":"2026-04-25T13:38:29+00:00","og_image":[{"width":850,"height":966,"url":"https:\/\/www.lavillagardendesign.com\/wp-content\/uploads\/2024\/01\/Captura-de-pantalla-2026-02-16-a-las-9.50.38.jpg","type":"image\/jpeg"}],"twitter_card":"summary_large_image","schema":{"@context":"https:\/\/schema.org","@graph":[{"@type":"WebPage","@id":"https:\/\/www.lavillagardendesign.com\/es\/producto\/eden-mesa-comedor-2\/","url":"https:\/\/www.lavillagardendesign.com\/es\/producto\/eden-mesa-comedor-2\/","name":"EDEN - Mesa de comedor ovalada de cer\u00e1mica para 8\/12 personas - La Villa Garden&amp;Design","isPartOf":{"@id":"https:\/\/www.lavillagardendesign.com\/#website"},"primaryImageOfPage":{"@id":"https:\/\/www.lavillagardendesign.com\/es\/producto\/eden-mesa-comedor-2\/#primaryimage"},"image":{"@id":"https:\/\/www.lavillagardendesign.com\/es\/producto\/eden-mesa-comedor-2\/#primaryimage"},"thumbnailUrl":"https:\/\/www.lavillagardendesign.com\/wp-content\/uploads\/2024\/01\/Captura-de-pantalla-2026-02-16-a-las-9.50.38.jpg","datePublished":"2024-01-29T17:58:25+00:00","dateModified":"2026-04-25T13:38:29+00:00","description":"Descubre la mesa EDEN. Dise\u00f1o ovalado en cer\u00e1mica de lujo para 12 personas. Resistencia y elegancia mediterr\u00e1nea para su terraza.","breadcrumb":{"@id":"https:\/\/www.lavillagardendesign.com\/es\/producto\/eden-mesa-comedor-2\/#breadcrumb"},"inLanguage":"es","potentialAction":[{"@type":"ReadAction","target":["https:\/\/www.lavillagardendesign.com\/es\/producto\/eden-mesa-comedor-2\/"]}]},{"@type":"ImageObject","inLanguage":"es","@id":"https:\/\/www.lavillagardendesign.com\/es\/producto\/eden-mesa-comedor-2\/#primaryimage","url":"https:\/\/www.lavillagardendesign.com\/wp-content\/uploads\/2024\/01\/Captura-de-pantalla-2026-02-16-a-las-9.50.38.jpg","contentUrl":"https:\/\/www.lavillagardendesign.com\/wp-content\/uploads\/2024\/01\/Captura-de-pantalla-2026-02-16-a-las-9.50.38.jpg","width":850,"height":966},{"@type":"BreadcrumbList","@id":"https:\/\/www.lavillagardendesign.com\/es\/producto\/eden-mesa-comedor-2\/#breadcrumb","itemListElement":[{"@type":"ListItem","position":1,"name":"Home","item":"https:\/\/www.lavillagardendesign.com\/"},{"@type":"ListItem","position":2,"name":"Tienda","item":"https:\/\/www.lavillagardendesign.com\/es\/tienda\/"},{"@type":"ListItem","position":3,"name":"EDEN &#8211; Mesa de comedor ovalada de cer\u00e1mica para 8\/12 personas"}]},{"@type":"WebSite","@id":"https:\/\/www.lavillagardendesign.com\/#website","url":"https:\/\/www.lavillagardendesign.com\/","name":"La Villa Garden&Design","description":"","publisher":{"@id":"https:\/\/www.lavillagardendesign.com\/#organization"},"potentialAction":[{"@type":"SearchAction","target":{"@type":"EntryPoint","urlTemplate":"https:\/\/www.lavillagardendesign.com\/?s={search_term_string}"},"query-input":{"@type":"PropertyValueSpecification","valueRequired":true,"valueName":"search_term_string"}}],"inLanguage":"es"},{"@type":"Organization","@id":"https:\/\/www.lavillagardendesign.com\/#organization","name":"La Villa Garden&Design","url":"https:\/\/www.lavillagardendesign.com\/","logo":{"@type":"ImageObject","inLanguage":"es","@id":"https:\/\/www.lavillagardendesign.com\/#\/schema\/logo\/image\/","url":"https:\/\/www.lavillagardendesign.com\/wp-content\/uploads\/2024\/04\/logolavilla.png","contentUrl":"https:\/\/www.lavillagardendesign.com\/wp-content\/uploads\/2024\/04\/logolavilla.png","width":682,"height":391,"caption":"La Villa Garden&Design"},"image":{"@id":"https:\/\/www.lavillagardendesign.com\/#\/schema\/logo\/image\/"},"sameAs":["https:\/\/www.facebook.com\/lavillagardendesign\/"]}]}},"_links":{"self":[{"href":"https:\/\/www.lavillagardendesign.com\/es\/wp-json\/wp\/v2\/product\/30471","targetHints":{"allow":["GET"]}}],"collection":[{"href":"https:\/\/www.lavillagardendesign.com\/es\/wp-json\/wp\/v2\/product"}],"about":[{"href":"https:\/\/www.lavillagardendesign.com\/es\/wp-json\/wp\/v2\/types\/product"}],"replies":[{"embeddable":true,"href":"https:\/\/www.lavillagardendesign.com\/es\/wp-json\/wp\/v2\/comments?post=30471"}],"version-history":[{"count":5,"href":"https:\/\/www.lavillagardendesign.com\/es\/wp-json\/wp\/v2\/product\/30471\/revisions"}],"predecessor-version":[{"id":63522,"href":"https:\/\/www.lavillagardendesign.com\/es\/wp-json\/wp\/v2\/product\/30471\/revisions\/63522"}],"wp:featuredmedia":[{"embeddable":true,"href":"https:\/\/www.lavillagardendesign.com\/es\/wp-json\/wp\/v2\/media\/63507"}],"wp:attachment":[{"href":"https:\/\/www.lavillagardendesign.com\/es\/wp-json\/wp\/v2\/media?parent=30471"}],"wp:term":[{"taxonomy":"product_brand","embeddable":true,"href":"https:\/\/www.lavillagardendesign.com\/es\/wp-json\/wp\/v2\/product_brand?post=30471"},{"taxonomy":"product_cat","embeddable":true,"href":"https:\/\/www.lavillagardendesign.com\/es\/wp-json\/wp\/v2\/product_cat?post=30471"},{"taxonomy":"product_tag","embeddable":true,"href":"https:\/\/www.lavillagardendesign.com\/es\/wp-json\/wp\/v2\/product_tag?post=30471"}],"curies":[{"name":"wp","href":"https:\/\/api.w.org\/{rel}","templated":true}]}}