{"id":30449,"date":"2024-01-29T19:58:29","date_gmt":"2024-01-29T18:58:29","guid":{"rendered":"https:\/\/www.lavillagardendesign.com\/product\/jade-tumbona-2\/"},"modified":"2026-03-10T09:05:21","modified_gmt":"2026-03-10T08:05:21","slug":"jade-tumbona-2","status":"publish","type":"product","link":"https:\/\/www.lavillagardendesign.com\/es\/producto\/jade-tumbona-2\/","title":{"rendered":"JADE &#8211; Tumbona individual"},"content":{"rendered":"","protected":false},"excerpt":{"rendered":"<p>Disfruta de la m\u00e1xima relajaci\u00f3n junto a la piscina con la tumbona individual de la colecci\u00f3n <span class=\"il\">Jade<\/span>. Esta pieza de dise\u00f1o esencial y elegante destaca por su versatilidad y comodidad ergon\u00f3mica. Cuenta con un respaldo reclinable en <b>4 posiciones distintas<\/b>, que permiten desde una c\u00f3moda lectura hasta una posici\u00f3n <b>completamente plana (estirada<\/b> ) para un bronceado uniforme. Su generosa anchura de 90 cm y su colch\u00f3n de tejido t\u00e9cnico garantizan una experiencia de descanso superior sin renunciar al estilo minimalista.   <\/p>\n","protected":false},"featured_media":30450,"comment_status":"open","ping_status":"closed","template":"","meta":[],"product_brand":[4998],"product_cat":[5987,6833,3114,3116],"product_tag":[],"class_list":{"0":"post-30449","1":"product","2":"type-product","3":"status-publish","4":"has-post-thumbnail","6":"product_brand-la-villa","7":"product_cat-nuevas-colecciones","8":"product_cat-outdoor-es","9":"product_cat-tumbonas-camas","10":"product_cat-tumbonas","12":"first","13":"instock","14":"taxable","15":"shipping-taxable","16":"purchasable","17":"product-type-variable"},"yoast_head":"<!-- This site is optimized with the Yoast SEO plugin v27.1.1 - https:\/\/yoast.com\/product\/yoast-seo-wordpress\/ -->\n<title>Tumbona Jade | 4 Posiciones y Totalmente Plana | La Villa Garden &amp; Design<\/title>\n<meta name=\"description\" content=\"Tumbona individual de 90 cm de la colecci\u00f3n Jade. Respaldo regulable en 4 posiciones, incluida la posici\u00f3n totalmente plana. Confort superior en aluminio y tejido t\u00e9cnico.\" \/>\n<meta name=\"robots\" content=\"index, follow, max-snippet:-1, max-image-preview:large, max-video-preview:-1\" \/>\n<link rel=\"canonical\" href=\"https:\/\/www.lavillagardendesign.com\/es\/producto\/jade-tumbona-2\/\" \/>\n<meta property=\"og:locale\" content=\"es_ES\" \/>\n<meta property=\"og:type\" content=\"article\" \/>\n<meta property=\"og:title\" content=\"Tumbona Jade | 4 Posiciones y Totalmente Plana | La Villa Garden &amp; Design\" \/>\n<meta property=\"og:description\" content=\"Tumbona individual de 90 cm de la colecci\u00f3n Jade. Respaldo regulable en 4 posiciones, incluida la posici\u00f3n totalmente plana. Confort superior en aluminio y tejido t\u00e9cnico.\" \/>\n<meta property=\"og:url\" content=\"https:\/\/www.lavillagardendesign.com\/es\/producto\/jade-tumbona-2\/\" \/>\n<meta property=\"og:site_name\" content=\"La Villa Garden&amp;Design\" \/>\n<meta property=\"article:publisher\" content=\"https:\/\/www.facebook.com\/lavillagardendesign\/\" \/>\n<meta property=\"article:modified_time\" content=\"2026-03-10T08:05:21+00:00\" \/>\n<meta property=\"og:image\" content=\"https:\/\/www.lavillagardendesign.com\/wp-content\/uploads\/2024\/01\/5-32.png\" \/>\n\t<meta property=\"og:image:width\" content=\"700\" \/>\n\t<meta property=\"og:image:height\" content=\"800\" \/>\n\t<meta property=\"og:image:type\" content=\"image\/png\" \/>\n<meta name=\"twitter:card\" content=\"summary_large_image\" \/>\n<script type=\"application\/ld+json\" class=\"yoast-schema-graph\">{\"@context\":\"https:\/\/schema.org\",\"@graph\":[{\"@type\":\"WebPage\",\"@id\":\"https:\/\/www.lavillagardendesign.com\/es\/producto\/jade-tumbona-2\/\",\"url\":\"https:\/\/www.lavillagardendesign.com\/es\/producto\/jade-tumbona-2\/\",\"name\":\"Tumbona Jade | 4 Posiciones y Totalmente Plana | La Villa Garden & Design\",\"isPartOf\":{\"@id\":\"https:\/\/www.lavillagardendesign.com\/#website\"},\"primaryImageOfPage\":{\"@id\":\"https:\/\/www.lavillagardendesign.com\/es\/producto\/jade-tumbona-2\/#primaryimage\"},\"image\":{\"@id\":\"https:\/\/www.lavillagardendesign.com\/es\/producto\/jade-tumbona-2\/#primaryimage\"},\"thumbnailUrl\":\"https:\/\/www.lavillagardendesign.com\/wp-content\/uploads\/2024\/01\/5-32.png\",\"datePublished\":\"2024-01-29T18:58:29+00:00\",\"dateModified\":\"2026-03-10T08:05:21+00:00\",\"description\":\"Tumbona individual de 90 cm de la colecci\u00f3n Jade. Respaldo regulable en 4 posiciones, incluida la posici\u00f3n totalmente plana. Confort superior en aluminio y tejido t\u00e9cnico.\",\"breadcrumb\":{\"@id\":\"https:\/\/www.lavillagardendesign.com\/es\/producto\/jade-tumbona-2\/#breadcrumb\"},\"inLanguage\":\"es\",\"potentialAction\":[{\"@type\":\"ReadAction\",\"target\":[\"https:\/\/www.lavillagardendesign.com\/es\/producto\/jade-tumbona-2\/\"]}]},{\"@type\":\"ImageObject\",\"inLanguage\":\"es\",\"@id\":\"https:\/\/www.lavillagardendesign.com\/es\/producto\/jade-tumbona-2\/#primaryimage\",\"url\":\"https:\/\/www.lavillagardendesign.com\/wp-content\/uploads\/2024\/01\/5-32.png\",\"contentUrl\":\"https:\/\/www.lavillagardendesign.com\/wp-content\/uploads\/2024\/01\/5-32.png\",\"width\":700,\"height\":800},{\"@type\":\"BreadcrumbList\",\"@id\":\"https:\/\/www.lavillagardendesign.com\/es\/producto\/jade-tumbona-2\/#breadcrumb\",\"itemListElement\":[{\"@type\":\"ListItem\",\"position\":1,\"name\":\"Home\",\"item\":\"https:\/\/www.lavillagardendesign.com\/\"},{\"@type\":\"ListItem\",\"position\":2,\"name\":\"Tienda\",\"item\":\"https:\/\/www.lavillagardendesign.com\/es\/tienda\/\"},{\"@type\":\"ListItem\",\"position\":3,\"name\":\"JADE &#8211; Tumbona individual\"}]},{\"@type\":\"WebSite\",\"@id\":\"https:\/\/www.lavillagardendesign.com\/#website\",\"url\":\"https:\/\/www.lavillagardendesign.com\/\",\"name\":\"La Villa Garden&Design\",\"description\":\"\",\"publisher\":{\"@id\":\"https:\/\/www.lavillagardendesign.com\/#organization\"},\"potentialAction\":[{\"@type\":\"SearchAction\",\"target\":{\"@type\":\"EntryPoint\",\"urlTemplate\":\"https:\/\/www.lavillagardendesign.com\/?s={search_term_string}\"},\"query-input\":{\"@type\":\"PropertyValueSpecification\",\"valueRequired\":true,\"valueName\":\"search_term_string\"}}],\"inLanguage\":\"es\"},{\"@type\":\"Organization\",\"@id\":\"https:\/\/www.lavillagardendesign.com\/#organization\",\"name\":\"La Villa Garden&Design\",\"url\":\"https:\/\/www.lavillagardendesign.com\/\",\"logo\":{\"@type\":\"ImageObject\",\"inLanguage\":\"es\",\"@id\":\"https:\/\/www.lavillagardendesign.com\/#\/schema\/logo\/image\/\",\"url\":\"https:\/\/www.lavillagardendesign.com\/wp-content\/uploads\/2024\/04\/logolavilla.png\",\"contentUrl\":\"https:\/\/www.lavillagardendesign.com\/wp-content\/uploads\/2024\/04\/logolavilla.png\",\"width\":682,\"height\":391,\"caption\":\"La Villa Garden&Design\"},\"image\":{\"@id\":\"https:\/\/www.lavillagardendesign.com\/#\/schema\/logo\/image\/\"},\"sameAs\":[\"https:\/\/www.facebook.com\/lavillagardendesign\/\"]}]}<\/script>\n<!-- \/ Yoast SEO plugin. -->","yoast_head_json":{"title":"Tumbona Jade | 4 Posiciones y Totalmente Plana | La Villa Garden & Design","description":"Tumbona individual de 90 cm de la colecci\u00f3n Jade. Respaldo regulable en 4 posiciones, incluida la posici\u00f3n totalmente plana. Confort superior en aluminio y tejido t\u00e9cnico.","robots":{"index":"index","follow":"follow","max-snippet":"max-snippet:-1","max-image-preview":"max-image-preview:large","max-video-preview":"max-video-preview:-1"},"canonical":"https:\/\/www.lavillagardendesign.com\/es\/producto\/jade-tumbona-2\/","og_locale":"es_ES","og_type":"article","og_title":"Tumbona Jade | 4 Posiciones y Totalmente Plana | La Villa Garden & Design","og_description":"Tumbona individual de 90 cm de la colecci\u00f3n Jade. Respaldo regulable en 4 posiciones, incluida la posici\u00f3n totalmente plana. Confort superior en aluminio y tejido t\u00e9cnico.","og_url":"https:\/\/www.lavillagardendesign.com\/es\/producto\/jade-tumbona-2\/","og_site_name":"La Villa Garden&amp;Design","article_publisher":"https:\/\/www.facebook.com\/lavillagardendesign\/","article_modified_time":"2026-03-10T08:05:21+00:00","og_image":[{"width":700,"height":800,"url":"https:\/\/www.lavillagardendesign.com\/wp-content\/uploads\/2024\/01\/5-32.png","type":"image\/png"}],"twitter_card":"summary_large_image","schema":{"@context":"https:\/\/schema.org","@graph":[{"@type":"WebPage","@id":"https:\/\/www.lavillagardendesign.com\/es\/producto\/jade-tumbona-2\/","url":"https:\/\/www.lavillagardendesign.com\/es\/producto\/jade-tumbona-2\/","name":"Tumbona Jade | 4 Posiciones y Totalmente Plana | La Villa Garden & Design","isPartOf":{"@id":"https:\/\/www.lavillagardendesign.com\/#website"},"primaryImageOfPage":{"@id":"https:\/\/www.lavillagardendesign.com\/es\/producto\/jade-tumbona-2\/#primaryimage"},"image":{"@id":"https:\/\/www.lavillagardendesign.com\/es\/producto\/jade-tumbona-2\/#primaryimage"},"thumbnailUrl":"https:\/\/www.lavillagardendesign.com\/wp-content\/uploads\/2024\/01\/5-32.png","datePublished":"2024-01-29T18:58:29+00:00","dateModified":"2026-03-10T08:05:21+00:00","description":"Tumbona individual de 90 cm de la colecci\u00f3n Jade. Respaldo regulable en 4 posiciones, incluida la posici\u00f3n totalmente plana. Confort superior en aluminio y tejido t\u00e9cnico.","breadcrumb":{"@id":"https:\/\/www.lavillagardendesign.com\/es\/producto\/jade-tumbona-2\/#breadcrumb"},"inLanguage":"es","potentialAction":[{"@type":"ReadAction","target":["https:\/\/www.lavillagardendesign.com\/es\/producto\/jade-tumbona-2\/"]}]},{"@type":"ImageObject","inLanguage":"es","@id":"https:\/\/www.lavillagardendesign.com\/es\/producto\/jade-tumbona-2\/#primaryimage","url":"https:\/\/www.lavillagardendesign.com\/wp-content\/uploads\/2024\/01\/5-32.png","contentUrl":"https:\/\/www.lavillagardendesign.com\/wp-content\/uploads\/2024\/01\/5-32.png","width":700,"height":800},{"@type":"BreadcrumbList","@id":"https:\/\/www.lavillagardendesign.com\/es\/producto\/jade-tumbona-2\/#breadcrumb","itemListElement":[{"@type":"ListItem","position":1,"name":"Home","item":"https:\/\/www.lavillagardendesign.com\/"},{"@type":"ListItem","position":2,"name":"Tienda","item":"https:\/\/www.lavillagardendesign.com\/es\/tienda\/"},{"@type":"ListItem","position":3,"name":"JADE &#8211; Tumbona individual"}]},{"@type":"WebSite","@id":"https:\/\/www.lavillagardendesign.com\/#website","url":"https:\/\/www.lavillagardendesign.com\/","name":"La Villa Garden&Design","description":"","publisher":{"@id":"https:\/\/www.lavillagardendesign.com\/#organization"},"potentialAction":[{"@type":"SearchAction","target":{"@type":"EntryPoint","urlTemplate":"https:\/\/www.lavillagardendesign.com\/?s={search_term_string}"},"query-input":{"@type":"PropertyValueSpecification","valueRequired":true,"valueName":"search_term_string"}}],"inLanguage":"es"},{"@type":"Organization","@id":"https:\/\/www.lavillagardendesign.com\/#organization","name":"La Villa Garden&Design","url":"https:\/\/www.lavillagardendesign.com\/","logo":{"@type":"ImageObject","inLanguage":"es","@id":"https:\/\/www.lavillagardendesign.com\/#\/schema\/logo\/image\/","url":"https:\/\/www.lavillagardendesign.com\/wp-content\/uploads\/2024\/04\/logolavilla.png","contentUrl":"https:\/\/www.lavillagardendesign.com\/wp-content\/uploads\/2024\/04\/logolavilla.png","width":682,"height":391,"caption":"La Villa Garden&Design"},"image":{"@id":"https:\/\/www.lavillagardendesign.com\/#\/schema\/logo\/image\/"},"sameAs":["https:\/\/www.facebook.com\/lavillagardendesign\/"]}]}},"_links":{"self":[{"href":"https:\/\/www.lavillagardendesign.com\/es\/wp-json\/wp\/v2\/product\/30449","targetHints":{"allow":["GET"]}}],"collection":[{"href":"https:\/\/www.lavillagardendesign.com\/es\/wp-json\/wp\/v2\/product"}],"about":[{"href":"https:\/\/www.lavillagardendesign.com\/es\/wp-json\/wp\/v2\/types\/product"}],"replies":[{"embeddable":true,"href":"https:\/\/www.lavillagardendesign.com\/es\/wp-json\/wp\/v2\/comments?post=30449"}],"version-history":[{"count":4,"href":"https:\/\/www.lavillagardendesign.com\/es\/wp-json\/wp\/v2\/product\/30449\/revisions"}],"predecessor-version":[{"id":67306,"href":"https:\/\/www.lavillagardendesign.com\/es\/wp-json\/wp\/v2\/product\/30449\/revisions\/67306"}],"wp:featuredmedia":[{"embeddable":true,"href":"https:\/\/www.lavillagardendesign.com\/es\/wp-json\/wp\/v2\/media\/30450"}],"wp:attachment":[{"href":"https:\/\/www.lavillagardendesign.com\/es\/wp-json\/wp\/v2\/media?parent=30449"}],"wp:term":[{"taxonomy":"product_brand","embeddable":true,"href":"https:\/\/www.lavillagardendesign.com\/es\/wp-json\/wp\/v2\/product_brand?post=30449"},{"taxonomy":"product_cat","embeddable":true,"href":"https:\/\/www.lavillagardendesign.com\/es\/wp-json\/wp\/v2\/product_cat?post=30449"},{"taxonomy":"product_tag","embeddable":true,"href":"https:\/\/www.lavillagardendesign.com\/es\/wp-json\/wp\/v2\/product_tag?post=30449"}],"curies":[{"name":"wp","href":"https:\/\/api.w.org\/{rel}","templated":true}]}}