{"id":33860,"date":"2024-01-17T13:32:56","date_gmt":"2024-01-17T12:32:56","guid":{"rendered":"https:\/\/www.lavillagardendesign.com\/terms-of-sales\/"},"modified":"2026-03-28T19:54:31","modified_gmt":"2026-03-28T18:54:31","slug":"condiciones-de-venta","status":"publish","type":"page","link":"https:\/\/www.lavillagardendesign.com\/es\/condiciones-de-venta\/","title":{"rendered":"Condiciones de venta"},"content":{"rendered":"\t\t<div data-elementor-type=\"wp-page\" data-elementor-id=\"33860\" class=\"elementor elementor-33860 elementor-16899\" data-elementor-post-type=\"page\">\n\t\t\t\t<div class=\"elementor-element elementor-element-1f80028 e-flex e-con-boxed e-con e-parent\" data-id=\"1f80028\" data-element_type=\"container\" data-e-type=\"container\">\n\t\t\t\t\t<div class=\"e-con-inner\">\n\t\t\t\t<div class=\"elementor-element elementor-element-f0ce64d wd-width-100 elementor-widget elementor-widget-wd_title\" data-id=\"f0ce64d\" data-element_type=\"widget\" data-e-type=\"widget\" data-widget_type=\"wd_title.default\">\n\t\t\t\t<div class=\"elementor-widget-container\">\n\t\t\t\t\t\t\t<div class=\"title-wrapper set-mb-s reset-last-child wd-title-color-default wd-title-style-simple wd-title-size-extra-large text-left\">\n\n\t\t\t\n\t\t\t<div class=\"liner-continer\">\n\t\t\t\t<h4 class=\"woodmart-title-container title wd-fontsize-xxxl\">CONDICIONES GENERALES DE VENTA - IBIZA DESIGN OUTDOOR S.L.<\/h4> \n\t\t\t\t\t\t\t<\/div>\n\n\t\t\t\t\t\t\t<div class=\"title-after_title set-cont-mb-s reset-last-child wd-fontsize-s\">\n\t\t\t\t\t<h3>1- IDENTIFICACI\u00d3N Y ESTRUCTURA COMERCIAL<\/h3><p>Este sitio web y las operaciones log\u00edsticas son gestionados por la empresa <b>IBIZA DESIGN OUTDOOR S.L.<\/b>, inscrita en el <b>Registro Mercantil de IBIZA (ISLAS BALEARES)<\/b>.<\/p><ul><li><p><b>Domicilio social:<\/b> Avda de Sant Joan de Labritja, Num 15, 07800 Eivissa (Illes Balears), Espa\u00f1a.<\/p><\/li><li><p><b>Centro de Operaciones Log\u00edsticas:<\/b> Vila-Sacra, Girona (Espa\u00f1a).<\/p><\/li><li><p><b>Comercializaci\u00f3n y Distribuci\u00f3n en Andorra:<\/b> La promoci\u00f3n comercial y la distribuci\u00f3n en el territorio andorrano est\u00e1n aseguradas por la entidad <b>Grupo EPA (Andorra)<\/b>.<\/p><\/li><li><p><b>Relaci\u00f3n contractual:<\/b> Sin perjuicio de la intermediaci\u00f3n comercial del Grupo EPA, la relaci\u00f3n contractual de venta, facturaci\u00f3n y servicio postventa (ASS) se establece exclusivamente con <b>IBIZA DESIGN OUTDOOR S.L.<\/b><\/p><\/li><\/ul><h3>2- PEDIDOS Y PRODUCTOS<\/h3><p>Todos los art\u00edculos vendidos por <b>IBIZA DESIGN OUTDOOR S.L.<\/b> son nuevos. Las caracter\u00edsticas t\u00e9cnicas son las facilitadas por el fabricante. Las fotograf\u00edas no son contractuales.  <\/p><h3>3- PRECIOS Y FORMAS DE PAGO<\/h3><p>Los precios de nuestros productos se indican en <b>euros sin impuestos (Neto \/ EX IVA)<\/b>.<\/p><ul><li><p><b>Impuestos:<\/b> El Impuesto sobre el Valor A\u00f1adido (IVA), el IGI o cualquier impuesto local aplicable <b>se aplicar\u00e1 seg\u00fan la normativa vigente en el pa\u00eds de destino<\/b> de la mercanc\u00eda.<\/p><\/li><li><p><b>Formas de pago aceptadas:<\/b><\/p><ul><li><p><b>Tarjeta de cr\u00e9dito\/d\u00e9bito:<\/b> Pago seguro a trav\u00e9s del sistema <b>BANCO SABADELL<\/b>.<\/p><\/li><li><p><b>Transferencia bancaria:<\/b> El pedido se tramitar\u00e1 tras la recepci\u00f3n definitiva de los fondos en nuestra cuenta.<\/p><\/li><\/ul><\/li><\/ul><h3>4- RESERVA DE DOMINIO Y RECURSO LEGAL<\/h3><p><b>IBIZA DESIGN OUTDOOR S.L.<\/b> conserva la plena propiedad de los bienes vendidos hasta el pago efectivo e \u00edntegro del precio total de venta, incluidos gastos e impuestos.<\/p><ul><li><p>En caso de falta de pago \u00edntegro en la fecha de vencimiento acordada, la empresa se reserva el derecho de recuperar la mercanc\u00eda a expensas del cliente.<\/p><\/li><li><p>En caso de litigio sobre el pago, la empresa se reserva el derecho de iniciar todas las acciones legales necesarias ante los <b>tribunales competentes<\/b> para recuperar la deuda, as\u00ed como los intereses de demora y los posibles costes legales.<\/p><\/li><\/ul><h3>5- ENTREGA Y VERIFICACI\u00d3N AL DESEMBALAR<\/h3><p>La entrega se realiza con cita previa. Para evitar cualquier disputa posterior, se aplican estrictamente las siguientes normas: <\/p><ul><li><p><b>Verificaci\u00f3n obligatoria del desembalaje:<\/b> El cliente debe <b>desembalar la mercanc\u00eda en presencia del transportista<\/b> para comprobar su estado.<\/p><\/li><li><p><b>Rechazo por da\u00f1os:<\/b> Si durante el desembalaje se observan roturas, abolladuras o defectos debidos al transporte, el cliente debe <b>rechazar el paquete<\/b> y escribir en el albar\u00e1n de entrega: <b>\"Rechazado por da\u00f1os de transporte\"<\/b>.<\/p><\/li><li><p><b>Validaci\u00f3n de la recepci\u00f3n:<\/b> La firma del albar\u00e1n de entrega sin reservas espec\u00edficas sobre el estado del producto desembalado implica la aceptaci\u00f3n del art\u00edculo en perfecto estado. <b>No se aceptar\u00e1 ninguna reclamaci\u00f3n sobre el estado del producto una vez que el transportista se haya marchado.<\/b><\/p><\/li><\/ul><h3>6- DERECHO DE DESISTIMIENTO Y DEVOLUCIONES (LEY ESPA\u00d1OLA)<\/h3><p>De acuerdo con la legislaci\u00f3n espa\u00f1ola:<\/p><ul><li><p><b>Plazo:<\/b> El cliente dispone de <b>14 d\u00edas naturales<\/b> desde la recepci\u00f3n para ejercer su derecho de desistimiento.<\/p><\/li><li><p><b>Gastos de devoluci\u00f3n:<\/b> Los gastos de devoluci\u00f3n son responsabilidad exclusiva del cliente y se fijan en el <b>10% del valor neto (SIN IVA)<\/b> de la mercanc\u00eda devuelta.<\/p><\/li><li><p><b>Condici\u00f3n:<\/b> El producto debe devolverse en su <b>embalaje original<\/b>, completo y en perfectas condiciones para su reventa.<\/p><\/li><\/ul><h3>7- DEVOLUCIONES Y GARANT\u00cdA<\/h3><p>Los reembolsos se efectuar\u00e1n en un plazo de 14 d\u00edas tras la inspecci\u00f3n en nuestro almac\u00e9n de <b>Vila-Sacra<\/b>. Los productos tienen una garant\u00eda legal <b>de 3 a\u00f1os<\/b> contra defectos de fabricaci\u00f3n. El desgaste natural o el montaje incorrecto no est\u00e1n cubiertos.  <\/p><h3>8- LEY APLICABLE Y JURISDICCI\u00d3N<\/h3><p>Estas condiciones se rigen por la <b>legislaci\u00f3n espa\u00f1ola<\/b>.<\/p><ul><li><p><b>Competencia Jurisdiccional:<\/b> En caso de litigio, los tribunales espa\u00f1oles ser\u00e1n los \u00fanicos competentes para cualquier asunto que ocurra <b>fuera del territorio andorrano<\/b>.<\/p><\/li><li><p>Para las actividades espec\u00edficas de distribuci\u00f3n operadas por <b>el Grupo EPA<\/b> en el territorio del Principado de Andorra, la jurisdicci\u00f3n competente puede determinarse seg\u00fan los acuerdos locales de distribuci\u00f3n.<\/p><\/li><\/ul>\t\t\t\t<\/div>\n\t\t\t\t\t<\/div>\n\t\t\t\t\t\t<\/div>\n\t\t\t\t<\/div>\n\t\t\t\t\t<\/div>\n\t\t\t\t<\/div>\n\t\t\t\t<\/div>\n\t\t","protected":false},"excerpt":{"rendered":"<p>CONDICIONES GENERALES DE VENTA &#8211; IBIZA DESIGN OUTDOOR S.L. 1- IDENTIFICACI\u00d3N Y ESTRUCTURA COMERCIAL Este sitio web y las operaciones<\/p>\n","protected":false},"author":1,"featured_media":0,"parent":0,"menu_order":0,"comment_status":"closed","ping_status":"closed","template":"","meta":{"footnotes":""},"class_list":["post-33860","page","type-page","status-publish","hentry"],"yoast_head":"<!-- This site is optimized with the Yoast SEO plugin v27.1.1 - https:\/\/yoast.com\/product\/yoast-seo-wordpress\/ -->\n<title>Condiciones de venta - La Villa Garden<\/title>\n<meta name=\"description\" content=\"Consulta nuestras condiciones de venta para comprar muebles de exterior de lujo en La Villa Garden.\" \/>\n<meta name=\"robots\" content=\"index, follow, max-snippet:-1, max-image-preview:large, max-video-preview:-1\" \/>\n<link rel=\"canonical\" href=\"https:\/\/www.lavillagardendesign.com\/es\/condiciones-de-venta\/\" \/>\n<meta property=\"og:locale\" content=\"es_ES\" \/>\n<meta property=\"og:type\" content=\"article\" \/>\n<meta property=\"og:title\" content=\"Condiciones de venta - La Villa Garden\" \/>\n<meta property=\"og:description\" content=\"Consulta nuestras condiciones de venta para comprar muebles de exterior de lujo en La Villa Garden.\" \/>\n<meta property=\"og:url\" content=\"https:\/\/www.lavillagardendesign.com\/es\/condiciones-de-venta\/\" \/>\n<meta property=\"og:site_name\" content=\"La Villa Garden&amp;Design\" \/>\n<meta property=\"article:publisher\" content=\"https:\/\/www.facebook.com\/lavillagardendesign\/\" \/>\n<meta property=\"article:modified_time\" content=\"2026-03-28T18:54:31+00:00\" \/>\n<meta name=\"twitter:card\" content=\"summary_large_image\" \/>\n<meta name=\"twitter:label1\" content=\"Tiempo de lectura\" \/>\n\t<meta name=\"twitter:data1\" content=\"9 minutos\" \/>\n<script type=\"application\/ld+json\" class=\"yoast-schema-graph\">{\"@context\":\"https:\/\/schema.org\",\"@graph\":[{\"@type\":\"WebPage\",\"@id\":\"https:\/\/www.lavillagardendesign.com\/es\/condiciones-de-venta\/\",\"url\":\"https:\/\/www.lavillagardendesign.com\/es\/condiciones-de-venta\/\",\"name\":\"Condiciones de venta - La Villa Garden\",\"isPartOf\":{\"@id\":\"https:\/\/www.lavillagardendesign.com\/#website\"},\"datePublished\":\"2024-01-17T12:32:56+00:00\",\"dateModified\":\"2026-03-28T18:54:31+00:00\",\"description\":\"Consulta nuestras condiciones de venta para comprar muebles de exterior de lujo en La Villa Garden.\",\"breadcrumb\":{\"@id\":\"https:\/\/www.lavillagardendesign.com\/es\/condiciones-de-venta\/#breadcrumb\"},\"inLanguage\":\"es\",\"potentialAction\":[{\"@type\":\"ReadAction\",\"target\":[\"https:\/\/www.lavillagardendesign.com\/es\/condiciones-de-venta\/\"]}]},{\"@type\":\"BreadcrumbList\",\"@id\":\"https:\/\/www.lavillagardendesign.com\/es\/condiciones-de-venta\/#breadcrumb\",\"itemListElement\":[{\"@type\":\"ListItem\",\"position\":1,\"name\":\"Home\",\"item\":\"https:\/\/www.lavillagardendesign.com\/\"},{\"@type\":\"ListItem\",\"position\":2,\"name\":\"Condiciones de venta\"}]},{\"@type\":\"WebSite\",\"@id\":\"https:\/\/www.lavillagardendesign.com\/#website\",\"url\":\"https:\/\/www.lavillagardendesign.com\/\",\"name\":\"La Villa Garden&Design\",\"description\":\"\",\"publisher\":{\"@id\":\"https:\/\/www.lavillagardendesign.com\/#organization\"},\"potentialAction\":[{\"@type\":\"SearchAction\",\"target\":{\"@type\":\"EntryPoint\",\"urlTemplate\":\"https:\/\/www.lavillagardendesign.com\/?s={search_term_string}\"},\"query-input\":{\"@type\":\"PropertyValueSpecification\",\"valueRequired\":true,\"valueName\":\"search_term_string\"}}],\"inLanguage\":\"es\"},{\"@type\":\"Organization\",\"@id\":\"https:\/\/www.lavillagardendesign.com\/#organization\",\"name\":\"La Villa Garden&Design\",\"url\":\"https:\/\/www.lavillagardendesign.com\/\",\"logo\":{\"@type\":\"ImageObject\",\"inLanguage\":\"es\",\"@id\":\"https:\/\/www.lavillagardendesign.com\/#\/schema\/logo\/image\/\",\"url\":\"https:\/\/www.lavillagardendesign.com\/wp-content\/uploads\/2024\/04\/logolavilla.png\",\"contentUrl\":\"https:\/\/www.lavillagardendesign.com\/wp-content\/uploads\/2024\/04\/logolavilla.png\",\"width\":682,\"height\":391,\"caption\":\"La Villa Garden&Design\"},\"image\":{\"@id\":\"https:\/\/www.lavillagardendesign.com\/#\/schema\/logo\/image\/\"},\"sameAs\":[\"https:\/\/www.facebook.com\/lavillagardendesign\/\"]}]}<\/script>\n<!-- \/ Yoast SEO plugin. -->","yoast_head_json":{"title":"Condiciones de venta - La Villa Garden","description":"Consulta nuestras condiciones de venta para comprar muebles de exterior de lujo en La Villa Garden.","robots":{"index":"index","follow":"follow","max-snippet":"max-snippet:-1","max-image-preview":"max-image-preview:large","max-video-preview":"max-video-preview:-1"},"canonical":"https:\/\/www.lavillagardendesign.com\/es\/condiciones-de-venta\/","og_locale":"es_ES","og_type":"article","og_title":"Condiciones de venta - La Villa Garden","og_description":"Consulta nuestras condiciones de venta para comprar muebles de exterior de lujo en La Villa Garden.","og_url":"https:\/\/www.lavillagardendesign.com\/es\/condiciones-de-venta\/","og_site_name":"La Villa Garden&amp;Design","article_publisher":"https:\/\/www.facebook.com\/lavillagardendesign\/","article_modified_time":"2026-03-28T18:54:31+00:00","twitter_card":"summary_large_image","twitter_misc":{"Tiempo de lectura":"9 minutos"},"schema":{"@context":"https:\/\/schema.org","@graph":[{"@type":"WebPage","@id":"https:\/\/www.lavillagardendesign.com\/es\/condiciones-de-venta\/","url":"https:\/\/www.lavillagardendesign.com\/es\/condiciones-de-venta\/","name":"Condiciones de venta - La Villa Garden","isPartOf":{"@id":"https:\/\/www.lavillagardendesign.com\/#website"},"datePublished":"2024-01-17T12:32:56+00:00","dateModified":"2026-03-28T18:54:31+00:00","description":"Consulta nuestras condiciones de venta para comprar muebles de exterior de lujo en La Villa Garden.","breadcrumb":{"@id":"https:\/\/www.lavillagardendesign.com\/es\/condiciones-de-venta\/#breadcrumb"},"inLanguage":"es","potentialAction":[{"@type":"ReadAction","target":["https:\/\/www.lavillagardendesign.com\/es\/condiciones-de-venta\/"]}]},{"@type":"BreadcrumbList","@id":"https:\/\/www.lavillagardendesign.com\/es\/condiciones-de-venta\/#breadcrumb","itemListElement":[{"@type":"ListItem","position":1,"name":"Home","item":"https:\/\/www.lavillagardendesign.com\/"},{"@type":"ListItem","position":2,"name":"Condiciones de venta"}]},{"@type":"WebSite","@id":"https:\/\/www.lavillagardendesign.com\/#website","url":"https:\/\/www.lavillagardendesign.com\/","name":"La Villa Garden&Design","description":"","publisher":{"@id":"https:\/\/www.lavillagardendesign.com\/#organization"},"potentialAction":[{"@type":"SearchAction","target":{"@type":"EntryPoint","urlTemplate":"https:\/\/www.lavillagardendesign.com\/?s={search_term_string}"},"query-input":{"@type":"PropertyValueSpecification","valueRequired":true,"valueName":"search_term_string"}}],"inLanguage":"es"},{"@type":"Organization","@id":"https:\/\/www.lavillagardendesign.com\/#organization","name":"La Villa Garden&Design","url":"https:\/\/www.lavillagardendesign.com\/","logo":{"@type":"ImageObject","inLanguage":"es","@id":"https:\/\/www.lavillagardendesign.com\/#\/schema\/logo\/image\/","url":"https:\/\/www.lavillagardendesign.com\/wp-content\/uploads\/2024\/04\/logolavilla.png","contentUrl":"https:\/\/www.lavillagardendesign.com\/wp-content\/uploads\/2024\/04\/logolavilla.png","width":682,"height":391,"caption":"La Villa Garden&Design"},"image":{"@id":"https:\/\/www.lavillagardendesign.com\/#\/schema\/logo\/image\/"},"sameAs":["https:\/\/www.facebook.com\/lavillagardendesign\/"]}]}},"_links":{"self":[{"href":"https:\/\/www.lavillagardendesign.com\/es\/wp-json\/wp\/v2\/pages\/33860","targetHints":{"allow":["GET"]}}],"collection":[{"href":"https:\/\/www.lavillagardendesign.com\/es\/wp-json\/wp\/v2\/pages"}],"about":[{"href":"https:\/\/www.lavillagardendesign.com\/es\/wp-json\/wp\/v2\/types\/page"}],"author":[{"embeddable":true,"href":"https:\/\/www.lavillagardendesign.com\/es\/wp-json\/wp\/v2\/users\/1"}],"replies":[{"embeddable":true,"href":"https:\/\/www.lavillagardendesign.com\/es\/wp-json\/wp\/v2\/comments?post=33860"}],"version-history":[{"count":8,"href":"https:\/\/www.lavillagardendesign.com\/es\/wp-json\/wp\/v2\/pages\/33860\/revisions"}],"predecessor-version":[{"id":68529,"href":"https:\/\/www.lavillagardendesign.com\/es\/wp-json\/wp\/v2\/pages\/33860\/revisions\/68529"}],"wp:attachment":[{"href":"https:\/\/www.lavillagardendesign.com\/es\/wp-json\/wp\/v2\/media?parent=33860"}],"curies":[{"name":"wp","href":"https:\/\/api.w.org\/{rel}","templated":true}]}}